{"id":1964,"date":"2016-05-19T12:24:04","date_gmt":"2016-05-19T12:24:04","guid":{"rendered":"http:\/\/demo.goodlayers.com\/infinite\/homepages\/finance\/?page_id=1281"},"modified":"2019-12-10T10:45:00","modified_gmt":"2019-12-10T10:45:00","slug":"compania-de-jesus","status":"publish","type":"page","link":"https:\/\/fundacionloyola.com\/vguadalupe\/compania-de-jesus\/","title":{"rendered":"Compa\u00f1\u00eda de Jes\u00fas"},"content":{"rendered":"","protected":false},"excerpt":{"rendered":"","protected":false},"author":1,"featured_media":0,"parent":0,"menu_order":0,"comment_status":"closed","ping_status":"closed","template":"","meta":{"footnotes":""},"class_list":["post-1964","page","type-page","status-publish","hentry"],"_links":{"self":[{"href":"https:\/\/fundacionloyola.com\/vguadalupe\/wp-json\/wp\/v2\/pages\/1964","targetHints":{"allow":["GET"]}}],"collection":[{"href":"https:\/\/fundacionloyola.com\/vguadalupe\/wp-json\/wp\/v2\/pages"}],"about":[{"href":"https:\/\/fundacionloyola.com\/vguadalupe\/wp-json\/wp\/v2\/types\/page"}],"author":[{"embeddable":true,"href":"https:\/\/fundacionloyola.com\/vguadalupe\/wp-json\/wp\/v2\/users\/1"}],"replies":[{"embeddable":true,"href":"https:\/\/fundacionloyola.com\/vguadalupe\/wp-json\/wp\/v2\/comments?post=1964"}],"version-history":[{"count":5,"href":"https:\/\/fundacionloyola.com\/vguadalupe\/wp-json\/wp\/v2\/pages\/1964\/revisions"}],"predecessor-version":[{"id":3671,"href":"https:\/\/fundacionloyola.com\/vguadalupe\/wp-json\/wp\/v2\/pages\/1964\/revisions\/3671"}],"wp:attachment":[{"href":"https:\/\/fundacionloyola.com\/vguadalupe\/wp-json\/wp\/v2\/media?parent=1964"}],"curies":[{"name":"wp","href":"https:\/\/api.w.org\/{rel}","templated":true}]}}