{"id":5873,"date":"2021-09-14T10:40:50","date_gmt":"2021-09-14T10:40:50","guid":{"rendered":"https:\/\/fundacionloyola.com\/sanjose\/?page_id=5873"},"modified":"2021-09-14T10:59:37","modified_gmt":"2021-09-14T10:59:37","slug":"fondo-social-europeo","status":"publish","type":"page","link":"https:\/\/fundacionloyola.com\/sanjose\/fondo-social-europeo\/","title":{"rendered":"FONDO SOCIAL EUROPEO"},"content":{"rendered":"\n<p class=\"has-text-align-left\">INFORMACI\u00d3N PARA LA COMUNIDAD EDUCATIVA SOBRE LOS PROGRAMAS Y ENSE\u00d1ANZAS COFINANCIADAS POR EL FONDO SOCIAL EUROPEO<\/p>\n\n\n\n<p>El Fondo Social Europeo (FSE) tiene entre sus misiones promover el aumento y la mejora del capital humano y facilitar el acceso de los ciudadanos y ciudadanas europeas a mejores puestos de trabajo. La educaci\u00f3n, la formaci\u00f3n profesional y el aprendizaje permanente ofrecen a las personas la oportunidad de acceder a nuevas cualificaciones que posibilitan mejorar su empleabilidad, contribuyendo con ello a la competitividad y cohesi\u00f3n social.<\/p>\n\n\n\n<p>Las Ense\u00f1anzas de Formaci\u00f3n Profesional Dual que se imparten en el centro contribuyen a alcanzar los objetivos de la Estrategia Europa 2020 y est\u00e1n cofinanciadas por el Fondo Social Europeo, en el marco del Objetivo Espec\u00edfico OE.10.4.3: Aumentar la participaci\u00f3n en formaci\u00f3n profesional dual y aprendizaje, estableciendo una relaci\u00f3n directa con empresas<\/p>\n\n\n\n<figure class=\"wp-block-image size-large\"><img loading=\"lazy\" decoding=\"async\" width=\"724\" height=\"1024\" src=\"https:\/\/fundacionloyola.com\/sanjose\/wp-content\/uploads\/2021\/09\/Cartel_centros_FSE_20_21-1-724x1024.jpg\" alt=\"\" class=\"wp-image-5903\" srcset=\"https:\/\/fundacionloyola.com\/sanjose\/wp-content\/uploads\/2021\/09\/Cartel_centros_FSE_20_21-1-724x1024.jpg 724w, https:\/\/fundacionloyola.com\/sanjose\/wp-content\/uploads\/2021\/09\/Cartel_centros_FSE_20_21-1-212x300.jpg 212w, https:\/\/fundacionloyola.com\/sanjose\/wp-content\/uploads\/2021\/09\/Cartel_centros_FSE_20_21-1-768x1086.jpg 768w, https:\/\/fundacionloyola.com\/sanjose\/wp-content\/uploads\/2021\/09\/Cartel_centros_FSE_20_21-1.jpg 794w\" sizes=\"auto, (max-width: 724px) 100vw, 724px\" \/><\/figure>\n\n\n\n<p><em><strong>Programa Operativo Fondo Social Europeo Empleo, Formaci\u00f3n, Educaci\u00f3n a trav\u00e9s de la Junta de&nbsp;Andaluc\u00eda y el Ministerio de Educaci\u00f3n del Gobierno del Estado:<\/strong><\/em><\/p>\n\n\n\n<p>1\u00ba F.P.I.G.M. (Electromec\u00e1nica de Veh\u00edculos Autom\u00f3viles)<br>1\u00ba F.P.I.G.M. (Farmacia y Parafarmacia)<br>1\u00ba F.P.I.G.M. (Gesti\u00f3n Administrativa)<br>1\u00ba F.P.I.G.M. (Instalaci\u00f3n y Amueblamiento)<br>1\u00ba F.P.I.G.M. (Instalaciones El\u00e9ctricas y Autom\u00e1ticas)<br>1\u00ba F.P.I.G.M. (Instalaciones Frigor\u00edficas y de Climatizaci\u00f3n)<br>2\u00ba F.P.I.G.M. (Electromec\u00e1nica de Veh\u00edculos Autom\u00f3viles)<br>2\u00ba F.P.I.G.M. (Instalaciones El\u00e9ctricas y Autom\u00e1ticas)<br>2\u00ba F.P.I.G.M. (Instalaciones Frigor\u00edficas y de Climatizaci\u00f3n)<br>1\u00ba F.P.I.G.S. (Administraci\u00f3n y Finanzas)<br>1\u00ba F.P.I.G.S. (Automoci\u00f3n)<br>1\u00ba F.P.I.G.S. (Desarrollo de Aplicaciones Multiplataforma)<br>1\u00ba F.P.I.G.S. (Proyectos de Edificaci\u00f3n)<br>2\u00ba F.P.I.G.S. (Administraci\u00f3n y Finanzas)<br>2\u00ba F.P.I.G.S. (Automoci\u00f3n)<br>2\u00ba F.P.I.G.S. (Proyectos de Edificaci\u00f3n)<\/p>\n\n\n\n<figure class=\"wp-block-image size-full\"><img loading=\"lazy\" decoding=\"async\" width=\"702\" height=\"496\" src=\"https:\/\/fundacionloyola.com\/sanjose\/wp-content\/uploads\/2021\/09\/FSE_FP-1.png\" alt=\"\" class=\"wp-image-5876\" srcset=\"https:\/\/fundacionloyola.com\/sanjose\/wp-content\/uploads\/2021\/09\/FSE_FP-1.png 702w, https:\/\/fundacionloyola.com\/sanjose\/wp-content\/uploads\/2021\/09\/FSE_FP-1-300x212.png 300w, https:\/\/fundacionloyola.com\/sanjose\/wp-content\/uploads\/2021\/09\/FSE_FP-1-700x496.png 700w\" sizes=\"auto, (max-width: 702px) 100vw, 702px\" \/><\/figure>\n\n\n\n<ul class=\"wp-block-list\"><li><em><strong>Programa Operativo Fondo Social Europeo Andaluc\u00eda, y son cofinanciados por el mismo:<\/strong><\/em><br>Las materias que se imparten en el propio CDP San Jos\u00e9 de dichos m\u00f3dulos de Formaci\u00f3n Profesional Dual.<\/li><\/ul>\n\n\n\n<figure class=\"wp-block-gallery columns-2 is-cropped wp-block-gallery-1 is-layout-flex wp-block-gallery-is-layout-flex\"><ul class=\"blocks-gallery-grid\"><li class=\"blocks-gallery-item\"><figure><img loading=\"lazy\" decoding=\"async\" width=\"645\" height=\"914\" src=\"https:\/\/fundacionloyola.com\/sanjose\/wp-content\/uploads\/2021\/09\/fondosocialeuropeo-19-20-1.png\" alt=\"\" data-id=\"5878\" data-full-url=\"https:\/\/fundacionloyola.com\/sanjose\/wp-content\/uploads\/2021\/09\/fondosocialeuropeo-19-20-1.png\" data-link=\"https:\/\/fundacionloyola.com\/sanjose\/?attachment_id=5878\" class=\"wp-image-5878\" srcset=\"https:\/\/fundacionloyola.com\/sanjose\/wp-content\/uploads\/2021\/09\/fondosocialeuropeo-19-20-1.png 645w, https:\/\/fundacionloyola.com\/sanjose\/wp-content\/uploads\/2021\/09\/fondosocialeuropeo-19-20-1-212x300.png 212w\" sizes=\"auto, (max-width: 645px) 100vw, 645px\" \/><\/figure><\/li><li class=\"blocks-gallery-item\"><figure><img loading=\"lazy\" decoding=\"async\" width=\"496\" height=\"702\" src=\"https:\/\/fundacionloyola.com\/sanjose\/wp-content\/uploads\/2021\/09\/FSE_CiclosFP_1-1.png\" alt=\"\" data-id=\"5879\" data-full-url=\"https:\/\/fundacionloyola.com\/sanjose\/wp-content\/uploads\/2021\/09\/FSE_CiclosFP_1-1.png\" data-link=\"https:\/\/fundacionloyola.com\/sanjose\/?attachment_id=5879\" class=\"wp-image-5879\" srcset=\"https:\/\/fundacionloyola.com\/sanjose\/wp-content\/uploads\/2021\/09\/FSE_CiclosFP_1-1.png 496w, https:\/\/fundacionloyola.com\/sanjose\/wp-content\/uploads\/2021\/09\/FSE_CiclosFP_1-1-212x300.png 212w\" sizes=\"auto, (max-width: 496px) 100vw, 496px\" \/><\/figure><\/li><\/ul><\/figure>\n","protected":false},"excerpt":{"rendered":"<p>INFORMACI\u00d3N PARA LA COMUNIDAD EDUCATIVA SOBRE LOS PROGRAMAS Y ENSE\u00d1ANZAS COFINANCIADAS POR EL FONDO SOCIAL EUROPEO El Fondo Social Europeo (FSE) tiene entre sus misiones promover el aumento y la mejora del capital humano y facilitar el acceso de los ciudadanos y ciudadanas europeas a mejores puestos de trabajo. La educaci\u00f3n, la formaci\u00f3n profesional y [&hellip;]<\/p>\n","protected":false},"author":2,"featured_media":0,"parent":0,"menu_order":0,"comment_status":"closed","ping_status":"closed","template":"","meta":{"footnotes":""},"class_list":["post-5873","page","type-page","status-publish","hentry"],"yoast_head":"<!-- This site is optimized with the Yoast SEO plugin v23.9 - https:\/\/yoast.com\/wordpress\/plugins\/seo\/ -->\n<title>FONDO SOCIAL EUROPEO - Fundaci\u00f3n Loyola<\/title>\n<meta name=\"robots\" content=\"index, follow, max-snippet:-1, max-image-preview:large, max-video-preview:-1\" \/>\n<link rel=\"canonical\" href=\"https:\/\/fundacionloyola.com\/sanjose\/fondo-social-europeo\/\" \/>\n<meta property=\"og:locale\" content=\"es_ES\" \/>\n<meta property=\"og:type\" content=\"article\" \/>\n<meta property=\"og:title\" content=\"FONDO SOCIAL EUROPEO - Fundaci\u00f3n Loyola\" \/>\n<meta property=\"og:description\" content=\"INFORMACI\u00d3N PARA LA COMUNIDAD EDUCATIVA SOBRE LOS PROGRAMAS Y ENSE\u00d1ANZAS COFINANCIADAS POR EL FONDO SOCIAL EUROPEO El Fondo Social Europeo (FSE) tiene entre sus misiones promover el aumento y la mejora del capital humano y facilitar el acceso de los ciudadanos y ciudadanas europeas a mejores puestos de trabajo. La educaci\u00f3n, la formaci\u00f3n profesional y [&hellip;]\" \/>\n<meta property=\"og:url\" content=\"https:\/\/fundacionloyola.com\/sanjose\/fondo-social-europeo\/\" \/>\n<meta property=\"og:site_name\" content=\"Fundaci\u00f3n Loyola\" \/>\n<meta property=\"article:modified_time\" content=\"2021-09-14T10:59:37+00:00\" \/>\n<meta property=\"og:image\" content=\"https:\/\/fundacionloyola.com\/sanjose\/wp-content\/uploads\/2021\/09\/Cartel_centros_FSE_20_21-1-724x1024.jpg\" \/>\n<meta name=\"twitter:card\" content=\"summary_large_image\" \/>\n<meta name=\"twitter:label1\" content=\"Tiempo de lectura\" \/>\n\t<meta name=\"twitter:data1\" content=\"2 minutos\" \/>\n<script type=\"application\/ld+json\" class=\"yoast-schema-graph\">{\"@context\":\"https:\/\/schema.org\",\"@graph\":[{\"@type\":\"WebPage\",\"@id\":\"https:\/\/fundacionloyola.com\/sanjose\/fondo-social-europeo\/\",\"url\":\"https:\/\/fundacionloyola.com\/sanjose\/fondo-social-europeo\/\",\"name\":\"FONDO SOCIAL EUROPEO - Fundaci\u00f3n Loyola\",\"isPartOf\":{\"@id\":\"https:\/\/fundacionloyola.com\/sanjose\/#website\"},\"primaryImageOfPage\":{\"@id\":\"https:\/\/fundacionloyola.com\/sanjose\/fondo-social-europeo\/#primaryimage\"},\"image\":{\"@id\":\"https:\/\/fundacionloyola.com\/sanjose\/fondo-social-europeo\/#primaryimage\"},\"thumbnailUrl\":\"https:\/\/fundacionloyola.com\/sanjose\/wp-content\/uploads\/2021\/09\/Cartel_centros_FSE_20_21-1-724x1024.jpg\",\"datePublished\":\"2021-09-14T10:40:50+00:00\",\"dateModified\":\"2021-09-14T10:59:37+00:00\",\"breadcrumb\":{\"@id\":\"https:\/\/fundacionloyola.com\/sanjose\/fondo-social-europeo\/#breadcrumb\"},\"inLanguage\":\"es\",\"potentialAction\":[{\"@type\":\"ReadAction\",\"target\":[\"https:\/\/fundacionloyola.com\/sanjose\/fondo-social-europeo\/\"]}]},{\"@type\":\"ImageObject\",\"inLanguage\":\"es\",\"@id\":\"https:\/\/fundacionloyola.com\/sanjose\/fondo-social-europeo\/#primaryimage\",\"url\":\"https:\/\/fundacionloyola.com\/sanjose\/wp-content\/uploads\/2021\/09\/Cartel_centros_FSE_20_21-1.jpg\",\"contentUrl\":\"https:\/\/fundacionloyola.com\/sanjose\/wp-content\/uploads\/2021\/09\/Cartel_centros_FSE_20_21-1.jpg\",\"width\":794,\"height\":1123},{\"@type\":\"BreadcrumbList\",\"@id\":\"https:\/\/fundacionloyola.com\/sanjose\/fondo-social-europeo\/#breadcrumb\",\"itemListElement\":[{\"@type\":\"ListItem\",\"position\":1,\"name\":\"Portada\",\"item\":\"https:\/\/fundacionloyola.com\/sanjose\/\"},{\"@type\":\"ListItem\",\"position\":2,\"name\":\"FONDO SOCIAL EUROPEO\"}]},{\"@type\":\"WebSite\",\"@id\":\"https:\/\/fundacionloyola.com\/sanjose\/#website\",\"url\":\"https:\/\/fundacionloyola.com\/sanjose\/\",\"name\":\"Fundaci\u00f3n Loyola\",\"description\":\"Colegio San Jose\",\"potentialAction\":[{\"@type\":\"SearchAction\",\"target\":{\"@type\":\"EntryPoint\",\"urlTemplate\":\"https:\/\/fundacionloyola.com\/sanjose\/?s={search_term_string}\"},\"query-input\":{\"@type\":\"PropertyValueSpecification\",\"valueRequired\":true,\"valueName\":\"search_term_string\"}}],\"inLanguage\":\"es\"}]}<\/script>\n<!-- \/ Yoast SEO plugin. -->","yoast_head_json":{"title":"FONDO SOCIAL EUROPEO - Fundaci\u00f3n Loyola","robots":{"index":"index","follow":"follow","max-snippet":"max-snippet:-1","max-image-preview":"max-image-preview:large","max-video-preview":"max-video-preview:-1"},"canonical":"https:\/\/fundacionloyola.com\/sanjose\/fondo-social-europeo\/","og_locale":"es_ES","og_type":"article","og_title":"FONDO SOCIAL EUROPEO - Fundaci\u00f3n Loyola","og_description":"INFORMACI\u00d3N PARA LA COMUNIDAD EDUCATIVA SOBRE LOS PROGRAMAS Y ENSE\u00d1ANZAS COFINANCIADAS POR EL FONDO SOCIAL EUROPEO El Fondo Social Europeo (FSE) tiene entre sus misiones promover el aumento y la mejora del capital humano y facilitar el acceso de los ciudadanos y ciudadanas europeas a mejores puestos de trabajo. La educaci\u00f3n, la formaci\u00f3n profesional y [&hellip;]","og_url":"https:\/\/fundacionloyola.com\/sanjose\/fondo-social-europeo\/","og_site_name":"Fundaci\u00f3n Loyola","article_modified_time":"2021-09-14T10:59:37+00:00","og_image":[{"url":"https:\/\/fundacionloyola.com\/sanjose\/wp-content\/uploads\/2021\/09\/Cartel_centros_FSE_20_21-1-724x1024.jpg"}],"twitter_card":"summary_large_image","twitter_misc":{"Tiempo de lectura":"2 minutos"},"schema":{"@context":"https:\/\/schema.org","@graph":[{"@type":"WebPage","@id":"https:\/\/fundacionloyola.com\/sanjose\/fondo-social-europeo\/","url":"https:\/\/fundacionloyola.com\/sanjose\/fondo-social-europeo\/","name":"FONDO SOCIAL EUROPEO - Fundaci\u00f3n Loyola","isPartOf":{"@id":"https:\/\/fundacionloyola.com\/sanjose\/#website"},"primaryImageOfPage":{"@id":"https:\/\/fundacionloyola.com\/sanjose\/fondo-social-europeo\/#primaryimage"},"image":{"@id":"https:\/\/fundacionloyola.com\/sanjose\/fondo-social-europeo\/#primaryimage"},"thumbnailUrl":"https:\/\/fundacionloyola.com\/sanjose\/wp-content\/uploads\/2021\/09\/Cartel_centros_FSE_20_21-1-724x1024.jpg","datePublished":"2021-09-14T10:40:50+00:00","dateModified":"2021-09-14T10:59:37+00:00","breadcrumb":{"@id":"https:\/\/fundacionloyola.com\/sanjose\/fondo-social-europeo\/#breadcrumb"},"inLanguage":"es","potentialAction":[{"@type":"ReadAction","target":["https:\/\/fundacionloyola.com\/sanjose\/fondo-social-europeo\/"]}]},{"@type":"ImageObject","inLanguage":"es","@id":"https:\/\/fundacionloyola.com\/sanjose\/fondo-social-europeo\/#primaryimage","url":"https:\/\/fundacionloyola.com\/sanjose\/wp-content\/uploads\/2021\/09\/Cartel_centros_FSE_20_21-1.jpg","contentUrl":"https:\/\/fundacionloyola.com\/sanjose\/wp-content\/uploads\/2021\/09\/Cartel_centros_FSE_20_21-1.jpg","width":794,"height":1123},{"@type":"BreadcrumbList","@id":"https:\/\/fundacionloyola.com\/sanjose\/fondo-social-europeo\/#breadcrumb","itemListElement":[{"@type":"ListItem","position":1,"name":"Portada","item":"https:\/\/fundacionloyola.com\/sanjose\/"},{"@type":"ListItem","position":2,"name":"FONDO SOCIAL EUROPEO"}]},{"@type":"WebSite","@id":"https:\/\/fundacionloyola.com\/sanjose\/#website","url":"https:\/\/fundacionloyola.com\/sanjose\/","name":"Fundaci\u00f3n Loyola","description":"Colegio San Jose","potentialAction":[{"@type":"SearchAction","target":{"@type":"EntryPoint","urlTemplate":"https:\/\/fundacionloyola.com\/sanjose\/?s={search_term_string}"},"query-input":{"@type":"PropertyValueSpecification","valueRequired":true,"valueName":"search_term_string"}}],"inLanguage":"es"}]}},"_links":{"self":[{"href":"https:\/\/fundacionloyola.com\/sanjose\/wp-json\/wp\/v2\/pages\/5873","targetHints":{"allow":["GET"]}}],"collection":[{"href":"https:\/\/fundacionloyola.com\/sanjose\/wp-json\/wp\/v2\/pages"}],"about":[{"href":"https:\/\/fundacionloyola.com\/sanjose\/wp-json\/wp\/v2\/types\/page"}],"author":[{"embeddable":true,"href":"https:\/\/fundacionloyola.com\/sanjose\/wp-json\/wp\/v2\/users\/2"}],"replies":[{"embeddable":true,"href":"https:\/\/fundacionloyola.com\/sanjose\/wp-json\/wp\/v2\/comments?post=5873"}],"version-history":[{"count":4,"href":"https:\/\/fundacionloyola.com\/sanjose\/wp-json\/wp\/v2\/pages\/5873\/revisions"}],"predecessor-version":[{"id":5905,"href":"https:\/\/fundacionloyola.com\/sanjose\/wp-json\/wp\/v2\/pages\/5873\/revisions\/5905"}],"wp:attachment":[{"href":"https:\/\/fundacionloyola.com\/sanjose\/wp-json\/wp\/v2\/media?parent=5873"}],"curies":[{"name":"wp","href":"https:\/\/api.w.org\/{rel}","templated":true}]}}