{"id":5427,"date":"2020-06-24T07:44:43","date_gmt":"2020-06-24T07:44:43","guid":{"rendered":"http:\/\/fundacionloyola.com\/sanjose\/fp\/?page_id=5427"},"modified":"2025-08-25T17:16:57","modified_gmt":"2025-08-25T17:16:57","slug":"tecnico-en-instalaciones-electricas-y-automaticas","status":"publish","type":"page","link":"https:\/\/fundacionloyola.com\/sanjose\/fp\/tecnico-en-instalaciones-electricas-y-automaticas\/","title":{"rendered":"T\u00c9CNICO EN INSTALACIONES EL\u00c9CTRICAS Y AUTOM\u00c1TICAS"},"content":{"rendered":"","protected":false},"excerpt":{"rendered":"","protected":false},"author":1,"featured_media":0,"parent":0,"menu_order":0,"comment_status":"closed","ping_status":"closed","template":"","meta":{"footnotes":""},"class_list":["post-5427","page","type-page","status-publish","hentry"],"yoast_head":"<!-- This site is optimized with the Yoast SEO plugin v23.9 - https:\/\/yoast.com\/wordpress\/plugins\/seo\/ -->\n<title>T\u00c9CNICO EN INSTALACIONES EL\u00c9CTRICAS Y AUTOM\u00c1TICAS - Educaci\u00f3n Andaluc\u00eda, Canarias y Extremadura<\/title>\n<meta name=\"description\" content=\"La Fundaci\u00f3n Loyola es una obra apost\u00f3lica de la Compa\u00f1\u00eda de Jes\u00fas dedicada a la educaci\u00f3n en el \u00e1mbito de Andaluc\u00eda, Canarias y Extremadura.\" \/>\n<meta name=\"robots\" content=\"index, follow, max-snippet:-1, max-image-preview:large, max-video-preview:-1\" \/>\n<link rel=\"canonical\" href=\"https:\/\/fundacionloyola.com\/sanjose\/fp\/tecnico-en-instalaciones-electricas-y-automaticas\/\" \/>\n<meta property=\"og:locale\" content=\"es_ES\" \/>\n<meta property=\"og:type\" content=\"article\" \/>\n<meta property=\"og:title\" content=\"T\u00c9CNICO EN INSTALACIONES EL\u00c9CTRICAS Y AUTOM\u00c1TICAS - Educaci\u00f3n Andaluc\u00eda, Canarias y Extremadura\" \/>\n<meta property=\"og:description\" content=\"La Fundaci\u00f3n Loyola es una obra apost\u00f3lica de la Compa\u00f1\u00eda de Jes\u00fas dedicada a la educaci\u00f3n en el \u00e1mbito de Andaluc\u00eda, Canarias y Extremadura.\" \/>\n<meta property=\"og:url\" content=\"https:\/\/fundacionloyola.com\/sanjose\/fp\/tecnico-en-instalaciones-electricas-y-automaticas\/\" \/>\n<meta property=\"og:site_name\" content=\"Fundaci\u00f3n Loyola\" \/>\n<meta property=\"article:modified_time\" content=\"2025-08-25T17:16:57+00:00\" \/>\n<meta name=\"twitter:card\" content=\"summary_large_image\" \/>\n<meta name=\"twitter:label1\" content=\"Tiempo de lectura\" \/>\n\t<meta name=\"twitter:data1\" content=\"3 minutos\" \/>\n<script type=\"application\/ld+json\" class=\"yoast-schema-graph\">{\"@context\":\"https:\/\/schema.org\",\"@graph\":[{\"@type\":\"WebPage\",\"@id\":\"https:\/\/fundacionloyola.com\/sanjose\/fp\/tecnico-en-instalaciones-electricas-y-automaticas\/\",\"url\":\"https:\/\/fundacionloyola.com\/sanjose\/fp\/tecnico-en-instalaciones-electricas-y-automaticas\/\",\"name\":\"T\u00c9CNICO EN INSTALACIONES EL\u00c9CTRICAS Y AUTOM\u00c1TICAS - Educaci\u00f3n Andaluc\u00eda, Canarias y Extremadura\",\"isPartOf\":{\"@id\":\"https:\/\/fundacionloyola.com\/sanjose\/fp\/#website\"},\"datePublished\":\"2020-06-24T07:44:43+00:00\",\"dateModified\":\"2025-08-25T17:16:57+00:00\",\"description\":\"La Fundaci\u00f3n Loyola es una obra apost\u00f3lica de la Compa\u00f1\u00eda de Jes\u00fas dedicada a la educaci\u00f3n en el \u00e1mbito de Andaluc\u00eda, Canarias y Extremadura.\",\"breadcrumb\":{\"@id\":\"https:\/\/fundacionloyola.com\/sanjose\/fp\/tecnico-en-instalaciones-electricas-y-automaticas\/#breadcrumb\"},\"inLanguage\":\"es\",\"potentialAction\":[{\"@type\":\"ReadAction\",\"target\":[\"https:\/\/fundacionloyola.com\/sanjose\/fp\/tecnico-en-instalaciones-electricas-y-automaticas\/\"]}]},{\"@type\":\"BreadcrumbList\",\"@id\":\"https:\/\/fundacionloyola.com\/sanjose\/fp\/tecnico-en-instalaciones-electricas-y-automaticas\/#breadcrumb\",\"itemListElement\":[{\"@type\":\"ListItem\",\"position\":1,\"name\":\"Portada\",\"item\":\"https:\/\/fundacionloyola.com\/sanjose\/fp\/\"},{\"@type\":\"ListItem\",\"position\":2,\"name\":\"T\u00c9CNICO EN INSTALACIONES EL\u00c9CTRICAS Y AUTOM\u00c1TICAS\"}]},{\"@type\":\"WebSite\",\"@id\":\"https:\/\/fundacionloyola.com\/sanjose\/fp\/#website\",\"url\":\"https:\/\/fundacionloyola.com\/sanjose\/fp\/\",\"name\":\"Fundaci\u00f3n Loyola\",\"description\":\"Colegio San Jose\",\"potentialAction\":[{\"@type\":\"SearchAction\",\"target\":{\"@type\":\"EntryPoint\",\"urlTemplate\":\"https:\/\/fundacionloyola.com\/sanjose\/fp\/?s={search_term_string}\"},\"query-input\":{\"@type\":\"PropertyValueSpecification\",\"valueRequired\":true,\"valueName\":\"search_term_string\"}}],\"inLanguage\":\"es\"}]}<\/script>\n<!-- \/ Yoast SEO plugin. -->","yoast_head_json":{"title":"T\u00c9CNICO EN INSTALACIONES EL\u00c9CTRICAS Y AUTOM\u00c1TICAS - Educaci\u00f3n Andaluc\u00eda, Canarias y Extremadura","description":"La Fundaci\u00f3n Loyola es una obra apost\u00f3lica de la Compa\u00f1\u00eda de Jes\u00fas dedicada a la educaci\u00f3n en el \u00e1mbito de Andaluc\u00eda, Canarias y Extremadura.","robots":{"index":"index","follow":"follow","max-snippet":"max-snippet:-1","max-image-preview":"max-image-preview:large","max-video-preview":"max-video-preview:-1"},"canonical":"https:\/\/fundacionloyola.com\/sanjose\/fp\/tecnico-en-instalaciones-electricas-y-automaticas\/","og_locale":"es_ES","og_type":"article","og_title":"T\u00c9CNICO EN INSTALACIONES EL\u00c9CTRICAS Y AUTOM\u00c1TICAS - Educaci\u00f3n Andaluc\u00eda, Canarias y Extremadura","og_description":"La Fundaci\u00f3n Loyola es una obra apost\u00f3lica de la Compa\u00f1\u00eda de Jes\u00fas dedicada a la educaci\u00f3n en el \u00e1mbito de Andaluc\u00eda, Canarias y Extremadura.","og_url":"https:\/\/fundacionloyola.com\/sanjose\/fp\/tecnico-en-instalaciones-electricas-y-automaticas\/","og_site_name":"Fundaci\u00f3n Loyola","article_modified_time":"2025-08-25T17:16:57+00:00","twitter_card":"summary_large_image","twitter_misc":{"Tiempo de lectura":"3 minutos"},"schema":{"@context":"https:\/\/schema.org","@graph":[{"@type":"WebPage","@id":"https:\/\/fundacionloyola.com\/sanjose\/fp\/tecnico-en-instalaciones-electricas-y-automaticas\/","url":"https:\/\/fundacionloyola.com\/sanjose\/fp\/tecnico-en-instalaciones-electricas-y-automaticas\/","name":"T\u00c9CNICO EN INSTALACIONES EL\u00c9CTRICAS Y AUTOM\u00c1TICAS - Educaci\u00f3n Andaluc\u00eda, Canarias y Extremadura","isPartOf":{"@id":"https:\/\/fundacionloyola.com\/sanjose\/fp\/#website"},"datePublished":"2020-06-24T07:44:43+00:00","dateModified":"2025-08-25T17:16:57+00:00","description":"La Fundaci\u00f3n Loyola es una obra apost\u00f3lica de la Compa\u00f1\u00eda de Jes\u00fas dedicada a la educaci\u00f3n en el \u00e1mbito de Andaluc\u00eda, Canarias y Extremadura.","breadcrumb":{"@id":"https:\/\/fundacionloyola.com\/sanjose\/fp\/tecnico-en-instalaciones-electricas-y-automaticas\/#breadcrumb"},"inLanguage":"es","potentialAction":[{"@type":"ReadAction","target":["https:\/\/fundacionloyola.com\/sanjose\/fp\/tecnico-en-instalaciones-electricas-y-automaticas\/"]}]},{"@type":"BreadcrumbList","@id":"https:\/\/fundacionloyola.com\/sanjose\/fp\/tecnico-en-instalaciones-electricas-y-automaticas\/#breadcrumb","itemListElement":[{"@type":"ListItem","position":1,"name":"Portada","item":"https:\/\/fundacionloyola.com\/sanjose\/fp\/"},{"@type":"ListItem","position":2,"name":"T\u00c9CNICO EN INSTALACIONES EL\u00c9CTRICAS Y AUTOM\u00c1TICAS"}]},{"@type":"WebSite","@id":"https:\/\/fundacionloyola.com\/sanjose\/fp\/#website","url":"https:\/\/fundacionloyola.com\/sanjose\/fp\/","name":"Fundaci\u00f3n Loyola","description":"Colegio San Jose","potentialAction":[{"@type":"SearchAction","target":{"@type":"EntryPoint","urlTemplate":"https:\/\/fundacionloyola.com\/sanjose\/fp\/?s={search_term_string}"},"query-input":{"@type":"PropertyValueSpecification","valueRequired":true,"valueName":"search_term_string"}}],"inLanguage":"es"}]}},"_links":{"self":[{"href":"https:\/\/fundacionloyola.com\/sanjose\/fp\/wp-json\/wp\/v2\/pages\/5427","targetHints":{"allow":["GET"]}}],"collection":[{"href":"https:\/\/fundacionloyola.com\/sanjose\/fp\/wp-json\/wp\/v2\/pages"}],"about":[{"href":"https:\/\/fundacionloyola.com\/sanjose\/fp\/wp-json\/wp\/v2\/types\/page"}],"author":[{"embeddable":true,"href":"https:\/\/fundacionloyola.com\/sanjose\/fp\/wp-json\/wp\/v2\/users\/1"}],"replies":[{"embeddable":true,"href":"https:\/\/fundacionloyola.com\/sanjose\/fp\/wp-json\/wp\/v2\/comments?post=5427"}],"version-history":[{"count":5,"href":"https:\/\/fundacionloyola.com\/sanjose\/fp\/wp-json\/wp\/v2\/pages\/5427\/revisions"}],"predecessor-version":[{"id":5954,"href":"https:\/\/fundacionloyola.com\/sanjose\/fp\/wp-json\/wp\/v2\/pages\/5427\/revisions\/5954"}],"wp:attachment":[{"href":"https:\/\/fundacionloyola.com\/sanjose\/fp\/wp-json\/wp\/v2\/media?parent=5427"}],"curies":[{"name":"wp","href":"https:\/\/api.w.org\/{rel}","templated":true}]}}