{"id":6517,"date":"2020-03-04T08:17:10","date_gmt":"2020-03-04T08:17:10","guid":{"rendered":"http:\/\/fundacionloyola.com\/sanignacio\/?page_id=6517"},"modified":"2024-12-05T08:35:57","modified_gmt":"2024-12-05T08:35:57","slug":"inicio-2-colegio-san-ignacio-de-loyola","status":"publish","type":"page","link":"https:\/\/fundacionloyola.com\/sanignacio\/inicio-2-colegio-san-ignacio-de-loyola\/","title":{"rendered":"Portada fallida"},"content":{"rendered":"","protected":true},"excerpt":{"rendered":"","protected":true},"author":2,"featured_media":0,"parent":0,"menu_order":0,"comment_status":"closed","ping_status":"closed","template":"","meta":{"footnotes":""},"class_list":["post-6517","page","type-page","status-publish","post-password-required","hentry"],"yoast_head":"<!-- This site is optimized with the Yoast SEO plugin v23.9 - https:\/\/yoast.com\/wordpress\/plugins\/seo\/ -->\n<title>Portada fallida - Educaci\u00f3n Andaluc\u00eda, Canarias y Extremadura<\/title>\n<meta name=\"description\" content=\"La Fundaci\u00f3n Loyola es una obra apost\u00f3lica de la Compa\u00f1\u00eda de Jes\u00fas dedicada a la educaci\u00f3n en el \u00e1mbito de Andaluc\u00eda, Canarias y Extremadura.\" \/>\n<meta name=\"robots\" content=\"index, follow, max-snippet:-1, max-image-preview:large, max-video-preview:-1\" \/>\n<link rel=\"canonical\" href=\"https:\/\/fundacionloyola.com\/sanignacio\/inicio-2-colegio-san-ignacio-de-loyola\/\" \/>\n<meta property=\"og:locale\" content=\"es_ES\" \/>\n<meta property=\"og:type\" content=\"article\" \/>\n<meta property=\"og:title\" content=\"Portada fallida - Educaci\u00f3n Andaluc\u00eda, Canarias y Extremadura\" \/>\n<meta property=\"og:description\" content=\"La Fundaci\u00f3n Loyola es una obra apost\u00f3lica de la Compa\u00f1\u00eda de Jes\u00fas dedicada a la educaci\u00f3n en el \u00e1mbito de Andaluc\u00eda, Canarias y Extremadura.\" \/>\n<meta property=\"og:url\" content=\"https:\/\/fundacionloyola.com\/sanignacio\/inicio-2-colegio-san-ignacio-de-loyola\/\" \/>\n<meta property=\"og:site_name\" content=\"Fundaci\u00f3n Loyola\" \/>\n<meta property=\"article:modified_time\" content=\"2024-12-05T08:35:57+00:00\" \/>\n<meta name=\"twitter:card\" content=\"summary_large_image\" \/>\n<meta name=\"twitter:label1\" content=\"Tiempo de lectura\" \/>\n\t<meta name=\"twitter:data1\" content=\"5 minutos\" \/>\n<script type=\"application\/ld+json\" class=\"yoast-schema-graph\">{\"@context\":\"https:\/\/schema.org\",\"@graph\":[{\"@type\":\"WebPage\",\"@id\":\"https:\/\/fundacionloyola.com\/sanignacio\/inicio-2-colegio-san-ignacio-de-loyola\/\",\"url\":\"https:\/\/fundacionloyola.com\/sanignacio\/inicio-2-colegio-san-ignacio-de-loyola\/\",\"name\":\"Portada fallida - Educaci\u00f3n Andaluc\u00eda, Canarias y Extremadura\",\"isPartOf\":{\"@id\":\"http:\/\/fundacionloyola.com\/sanignacio\/#website\"},\"datePublished\":\"2020-03-04T08:17:10+00:00\",\"dateModified\":\"2024-12-05T08:35:57+00:00\",\"breadcrumb\":{\"@id\":\"https:\/\/fundacionloyola.com\/sanignacio\/inicio-2-colegio-san-ignacio-de-loyola\/#breadcrumb\"},\"inLanguage\":\"es\"},{\"@type\":\"WebSite\",\"@id\":\"http:\/\/fundacionloyola.com\/sanignacio\/#website\",\"url\":\"http:\/\/fundacionloyola.com\/sanignacio\/\",\"name\":\"Fundaci\u00f3n Loyola\",\"description\":\"Colegio San Ignacio de Loyola\",\"potentialAction\":[{\"@type\":\"SearchAction\",\"target\":{\"@type\":\"EntryPoint\",\"urlTemplate\":\"http:\/\/fundacionloyola.com\/sanignacio\/?s={search_term_string}\"},\"query-input\":{\"@type\":\"PropertyValueSpecification\",\"valueRequired\":true,\"valueName\":\"search_term_string\"}}],\"inLanguage\":\"es\"}]}<\/script>\n<!-- \/ Yoast SEO plugin. -->","yoast_head_json":{"title":"Portada fallida - Educaci\u00f3n Andaluc\u00eda, Canarias y Extremadura","description":"La Fundaci\u00f3n Loyola es una obra apost\u00f3lica de la Compa\u00f1\u00eda de Jes\u00fas dedicada a la educaci\u00f3n en el \u00e1mbito de Andaluc\u00eda, Canarias y Extremadura.","robots":{"index":"index","follow":"follow","max-snippet":"max-snippet:-1","max-image-preview":"max-image-preview:large","max-video-preview":"max-video-preview:-1"},"canonical":"https:\/\/fundacionloyola.com\/sanignacio\/inicio-2-colegio-san-ignacio-de-loyola\/","og_locale":"es_ES","og_type":"article","og_title":"Portada fallida - Educaci\u00f3n Andaluc\u00eda, Canarias y Extremadura","og_description":"La Fundaci\u00f3n Loyola es una obra apost\u00f3lica de la Compa\u00f1\u00eda de Jes\u00fas dedicada a la educaci\u00f3n en el \u00e1mbito de Andaluc\u00eda, Canarias y Extremadura.","og_url":"https:\/\/fundacionloyola.com\/sanignacio\/inicio-2-colegio-san-ignacio-de-loyola\/","og_site_name":"Fundaci\u00f3n Loyola","article_modified_time":"2024-12-05T08:35:57+00:00","twitter_card":"summary_large_image","twitter_misc":{"Tiempo de lectura":"5 minutos"},"schema":{"@context":"https:\/\/schema.org","@graph":[{"@type":"WebPage","@id":"https:\/\/fundacionloyola.com\/sanignacio\/inicio-2-colegio-san-ignacio-de-loyola\/","url":"https:\/\/fundacionloyola.com\/sanignacio\/inicio-2-colegio-san-ignacio-de-loyola\/","name":"Portada fallida - Educaci\u00f3n Andaluc\u00eda, Canarias y Extremadura","isPartOf":{"@id":"http:\/\/fundacionloyola.com\/sanignacio\/#website"},"datePublished":"2020-03-04T08:17:10+00:00","dateModified":"2024-12-05T08:35:57+00:00","breadcrumb":{"@id":"https:\/\/fundacionloyola.com\/sanignacio\/inicio-2-colegio-san-ignacio-de-loyola\/#breadcrumb"},"inLanguage":"es"},{"@type":"WebSite","@id":"http:\/\/fundacionloyola.com\/sanignacio\/#website","url":"http:\/\/fundacionloyola.com\/sanignacio\/","name":"Fundaci\u00f3n Loyola","description":"Colegio San Ignacio de Loyola","potentialAction":[{"@type":"SearchAction","target":{"@type":"EntryPoint","urlTemplate":"http:\/\/fundacionloyola.com\/sanignacio\/?s={search_term_string}"},"query-input":{"@type":"PropertyValueSpecification","valueRequired":true,"valueName":"search_term_string"}}],"inLanguage":"es"}]}},"_links":{"self":[{"href":"https:\/\/fundacionloyola.com\/sanignacio\/wp-json\/wp\/v2\/pages\/6517","targetHints":{"allow":["GET"]}}],"collection":[{"href":"https:\/\/fundacionloyola.com\/sanignacio\/wp-json\/wp\/v2\/pages"}],"about":[{"href":"https:\/\/fundacionloyola.com\/sanignacio\/wp-json\/wp\/v2\/types\/page"}],"author":[{"embeddable":true,"href":"https:\/\/fundacionloyola.com\/sanignacio\/wp-json\/wp\/v2\/users\/2"}],"replies":[{"embeddable":true,"href":"https:\/\/fundacionloyola.com\/sanignacio\/wp-json\/wp\/v2\/comments?post=6517"}],"version-history":[{"count":6,"href":"https:\/\/fundacionloyola.com\/sanignacio\/wp-json\/wp\/v2\/pages\/6517\/revisions"}],"predecessor-version":[{"id":12058,"href":"https:\/\/fundacionloyola.com\/sanignacio\/wp-json\/wp\/v2\/pages\/6517\/revisions\/12058"}],"wp:attachment":[{"href":"https:\/\/fundacionloyola.com\/sanignacio\/wp-json\/wp\/v2\/media?parent=6517"}],"curies":[{"name":"wp","href":"https:\/\/api.w.org\/{rel}","templated":true}]}}