{"id":3219,"date":"2019-04-12T10:11:00","date_gmt":"2019-04-12T10:11:00","guid":{"rendered":"http:\/\/fundacionloyola.com\/wpmokup\/?page_id=3219"},"modified":"2025-09-23T16:30:16","modified_gmt":"2025-09-23T16:30:16","slug":"mision-vision-y-valores","status":"publish","type":"page","link":"https:\/\/fundacionloyola.com\/sanignacio\/fundacion-loyola\/mision-vision-y-valores\/","title":{"rendered":"Misi\u00f3n, Visi\u00f3n y Valores"},"content":{"rendered":"","protected":false},"excerpt":{"rendered":"","protected":false},"author":1,"featured_media":0,"parent":3211,"menu_order":0,"comment_status":"closed","ping_status":"closed","template":"","meta":{"footnotes":""},"class_list":["post-3219","page","type-page","status-publish","hentry"],"yoast_head":"<!-- This site is optimized with the Yoast SEO plugin v23.9 - https:\/\/yoast.com\/wordpress\/plugins\/seo\/ -->\n<title>Misi\u00f3n, Visi\u00f3n y Valores - Fundaci\u00f3n Loyola<\/title>\n<meta name=\"robots\" content=\"index, follow, max-snippet:-1, max-image-preview:large, max-video-preview:-1\" \/>\n<link rel=\"canonical\" href=\"http:\/\/fundacionloyola.com\/sanignacio\/fundacion-loyola\/mision-vision-y-valores\/\" \/>\n<meta property=\"og:locale\" content=\"es_ES\" \/>\n<meta property=\"og:type\" content=\"article\" \/>\n<meta property=\"og:title\" content=\"Misi\u00f3n, Visi\u00f3n y Valores - Fundaci\u00f3n Loyola\" \/>\n<meta property=\"og:url\" content=\"http:\/\/fundacionloyola.com\/sanignacio\/fundacion-loyola\/mision-vision-y-valores\/\" \/>\n<meta property=\"og:site_name\" content=\"Fundaci\u00f3n Loyola\" \/>\n<meta property=\"article:modified_time\" content=\"2025-09-23T16:30:16+00:00\" \/>\n<meta name=\"twitter:card\" content=\"summary_large_image\" \/>\n<meta name=\"twitter:label1\" content=\"Tiempo de lectura\" \/>\n\t<meta name=\"twitter:data1\" content=\"3 minutos\" \/>\n<script type=\"application\/ld+json\" class=\"yoast-schema-graph\">{\"@context\":\"https:\/\/schema.org\",\"@graph\":[{\"@type\":\"WebPage\",\"@id\":\"http:\/\/fundacionloyola.com\/sanignacio\/fundacion-loyola\/mision-vision-y-valores\/\",\"url\":\"http:\/\/fundacionloyola.com\/sanignacio\/fundacion-loyola\/mision-vision-y-valores\/\",\"name\":\"Misi\u00f3n, Visi\u00f3n y Valores - Fundaci\u00f3n Loyola\",\"isPartOf\":{\"@id\":\"http:\/\/fundacionloyola.com\/sanignacio\/#website\"},\"datePublished\":\"2019-04-12T10:11:00+00:00\",\"dateModified\":\"2025-09-23T16:30:16+00:00\",\"breadcrumb\":{\"@id\":\"http:\/\/fundacionloyola.com\/sanignacio\/fundacion-loyola\/mision-vision-y-valores\/#breadcrumb\"},\"inLanguage\":\"es\",\"potentialAction\":[{\"@type\":\"ReadAction\",\"target\":[\"http:\/\/fundacionloyola.com\/sanignacio\/fundacion-loyola\/mision-vision-y-valores\/\"]}]},{\"@type\":\"BreadcrumbList\",\"@id\":\"http:\/\/fundacionloyola.com\/sanignacio\/fundacion-loyola\/mision-vision-y-valores\/#breadcrumb\",\"itemListElement\":[{\"@type\":\"ListItem\",\"position\":1,\"name\":\"Portada\",\"item\":\"http:\/\/fundacionloyola.com\/sanignacio\/\"},{\"@type\":\"ListItem\",\"position\":2,\"name\":\"Fundaci\u00f3n Loyola\",\"item\":\"http:\/\/fundacionloyola.com\/sanignacio\/fundacion-loyola\/\"},{\"@type\":\"ListItem\",\"position\":3,\"name\":\"Misi\u00f3n, Visi\u00f3n y Valores\"}]},{\"@type\":\"WebSite\",\"@id\":\"http:\/\/fundacionloyola.com\/sanignacio\/#website\",\"url\":\"http:\/\/fundacionloyola.com\/sanignacio\/\",\"name\":\"Fundaci\u00f3n Loyola\",\"description\":\"Colegio San Ignacio de Loyola\",\"potentialAction\":[{\"@type\":\"SearchAction\",\"target\":{\"@type\":\"EntryPoint\",\"urlTemplate\":\"http:\/\/fundacionloyola.com\/sanignacio\/?s={search_term_string}\"},\"query-input\":{\"@type\":\"PropertyValueSpecification\",\"valueRequired\":true,\"valueName\":\"search_term_string\"}}],\"inLanguage\":\"es\"}]}<\/script>\n<!-- \/ Yoast SEO plugin. -->","yoast_head_json":{"title":"Misi\u00f3n, Visi\u00f3n y Valores - Fundaci\u00f3n Loyola","robots":{"index":"index","follow":"follow","max-snippet":"max-snippet:-1","max-image-preview":"max-image-preview:large","max-video-preview":"max-video-preview:-1"},"canonical":"http:\/\/fundacionloyola.com\/sanignacio\/fundacion-loyola\/mision-vision-y-valores\/","og_locale":"es_ES","og_type":"article","og_title":"Misi\u00f3n, Visi\u00f3n y Valores - Fundaci\u00f3n Loyola","og_url":"http:\/\/fundacionloyola.com\/sanignacio\/fundacion-loyola\/mision-vision-y-valores\/","og_site_name":"Fundaci\u00f3n Loyola","article_modified_time":"2025-09-23T16:30:16+00:00","twitter_card":"summary_large_image","twitter_misc":{"Tiempo de lectura":"3 minutos"},"schema":{"@context":"https:\/\/schema.org","@graph":[{"@type":"WebPage","@id":"http:\/\/fundacionloyola.com\/sanignacio\/fundacion-loyola\/mision-vision-y-valores\/","url":"http:\/\/fundacionloyola.com\/sanignacio\/fundacion-loyola\/mision-vision-y-valores\/","name":"Misi\u00f3n, Visi\u00f3n y Valores - Fundaci\u00f3n Loyola","isPartOf":{"@id":"http:\/\/fundacionloyola.com\/sanignacio\/#website"},"datePublished":"2019-04-12T10:11:00+00:00","dateModified":"2025-09-23T16:30:16+00:00","breadcrumb":{"@id":"http:\/\/fundacionloyola.com\/sanignacio\/fundacion-loyola\/mision-vision-y-valores\/#breadcrumb"},"inLanguage":"es","potentialAction":[{"@type":"ReadAction","target":["http:\/\/fundacionloyola.com\/sanignacio\/fundacion-loyola\/mision-vision-y-valores\/"]}]},{"@type":"BreadcrumbList","@id":"http:\/\/fundacionloyola.com\/sanignacio\/fundacion-loyola\/mision-vision-y-valores\/#breadcrumb","itemListElement":[{"@type":"ListItem","position":1,"name":"Portada","item":"http:\/\/fundacionloyola.com\/sanignacio\/"},{"@type":"ListItem","position":2,"name":"Fundaci\u00f3n Loyola","item":"http:\/\/fundacionloyola.com\/sanignacio\/fundacion-loyola\/"},{"@type":"ListItem","position":3,"name":"Misi\u00f3n, Visi\u00f3n y Valores"}]},{"@type":"WebSite","@id":"http:\/\/fundacionloyola.com\/sanignacio\/#website","url":"http:\/\/fundacionloyola.com\/sanignacio\/","name":"Fundaci\u00f3n Loyola","description":"Colegio San Ignacio de Loyola","potentialAction":[{"@type":"SearchAction","target":{"@type":"EntryPoint","urlTemplate":"http:\/\/fundacionloyola.com\/sanignacio\/?s={search_term_string}"},"query-input":{"@type":"PropertyValueSpecification","valueRequired":true,"valueName":"search_term_string"}}],"inLanguage":"es"}]}},"_links":{"self":[{"href":"https:\/\/fundacionloyola.com\/sanignacio\/wp-json\/wp\/v2\/pages\/3219","targetHints":{"allow":["GET"]}}],"collection":[{"href":"https:\/\/fundacionloyola.com\/sanignacio\/wp-json\/wp\/v2\/pages"}],"about":[{"href":"https:\/\/fundacionloyola.com\/sanignacio\/wp-json\/wp\/v2\/types\/page"}],"author":[{"embeddable":true,"href":"https:\/\/fundacionloyola.com\/sanignacio\/wp-json\/wp\/v2\/users\/1"}],"replies":[{"embeddable":true,"href":"https:\/\/fundacionloyola.com\/sanignacio\/wp-json\/wp\/v2\/comments?post=3219"}],"version-history":[{"count":5,"href":"https:\/\/fundacionloyola.com\/sanignacio\/wp-json\/wp\/v2\/pages\/3219\/revisions"}],"predecessor-version":[{"id":13585,"href":"https:\/\/fundacionloyola.com\/sanignacio\/wp-json\/wp\/v2\/pages\/3219\/revisions\/13585"}],"up":[{"embeddable":true,"href":"https:\/\/fundacionloyola.com\/sanignacio\/wp-json\/wp\/v2\/pages\/3211"}],"wp:attachment":[{"href":"https:\/\/fundacionloyola.com\/sanignacio\/wp-json\/wp\/v2\/media?parent=3219"}],"curies":[{"name":"wp","href":"https:\/\/api.w.org\/{rel}","templated":true}]}}