{"id":12059,"date":"2024-12-05T09:06:19","date_gmt":"2024-12-05T09:06:19","guid":{"rendered":"https:\/\/fundacionloyola.com\/sanignacio\/?page_id=12059"},"modified":"2025-03-10T19:45:07","modified_gmt":"2025-03-10T19:45:07","slug":"inicio-colegio-san-ignacio-de-loyola","status":"publish","type":"page","link":"https:\/\/fundacionloyola.com\/sanignacio\/","title":{"rendered":"Inicio Colegio San Ignacio de Loyola"},"content":{"rendered":"","protected":false},"excerpt":{"rendered":"","protected":false},"author":2,"featured_media":12042,"parent":0,"menu_order":0,"comment_status":"closed","ping_status":"closed","template":"","meta":{"footnotes":""},"class_list":["post-12059","page","type-page","status-publish","has-post-thumbnail","hentry"],"yoast_head":"<!-- This site is optimized with the Yoast SEO plugin v23.9 - https:\/\/yoast.com\/wordpress\/plugins\/seo\/ -->\n<title>Inicio Colegio San Ignacio de Loyola - Educaci\u00f3n Andaluc\u00eda, Canarias y Extremadura<\/title>\n<meta name=\"description\" content=\"La Fundaci\u00f3n Loyola es una obra apost\u00f3lica de la Compa\u00f1\u00eda de Jes\u00fas dedicada a la educaci\u00f3n en el \u00e1mbito de Andaluc\u00eda, Canarias y Extremadura.\" \/>\n<meta name=\"robots\" content=\"index, follow, max-snippet:-1, max-image-preview:large, max-video-preview:-1\" \/>\n<link rel=\"canonical\" href=\"http:\/\/fundacionloyola.com\/sanignacio\/\" \/>\n<meta property=\"og:locale\" content=\"es_ES\" \/>\n<meta property=\"og:type\" content=\"article\" \/>\n<meta property=\"og:title\" content=\"Inicio Colegio San Ignacio de Loyola - Educaci\u00f3n Andaluc\u00eda, Canarias y Extremadura\" \/>\n<meta property=\"og:description\" content=\"La Fundaci\u00f3n Loyola es una obra apost\u00f3lica de la Compa\u00f1\u00eda de Jes\u00fas dedicada a la educaci\u00f3n en el \u00e1mbito de Andaluc\u00eda, Canarias y Extremadura.\" \/>\n<meta property=\"og:url\" content=\"http:\/\/fundacionloyola.com\/sanignacio\/\" \/>\n<meta property=\"og:site_name\" content=\"Fundaci\u00f3n Loyola\" \/>\n<meta property=\"article:modified_time\" content=\"2025-03-10T19:45:07+00:00\" \/>\n<meta property=\"og:image\" content=\"http:\/\/fundacionloyola.com\/sanignacio\/wp-content\/uploads\/2024\/11\/Web-Cartel-Puertas-Abiertas-Infantil-4.png\" \/>\n\t<meta property=\"og:image:width\" content=\"6208\" \/>\n\t<meta property=\"og:image:height\" content=\"1530\" \/>\n\t<meta property=\"og:image:type\" content=\"image\/png\" \/>\n<meta name=\"twitter:card\" content=\"summary_large_image\" \/>\n<meta name=\"twitter:label1\" content=\"Tiempo de lectura\" \/>\n\t<meta name=\"twitter:data1\" content=\"7 minutos\" \/>\n<script type=\"application\/ld+json\" class=\"yoast-schema-graph\">{\"@context\":\"https:\/\/schema.org\",\"@graph\":[{\"@type\":\"WebPage\",\"@id\":\"http:\/\/fundacionloyola.com\/sanignacio\/\",\"url\":\"http:\/\/fundacionloyola.com\/sanignacio\/\",\"name\":\"Inicio Colegio San Ignacio de Loyola - Educaci\u00f3n Andaluc\u00eda, Canarias y Extremadura\",\"isPartOf\":{\"@id\":\"http:\/\/fundacionloyola.com\/sanignacio\/#website\"},\"primaryImageOfPage\":{\"@id\":\"http:\/\/fundacionloyola.com\/sanignacio\/#primaryimage\"},\"image\":{\"@id\":\"http:\/\/fundacionloyola.com\/sanignacio\/#primaryimage\"},\"thumbnailUrl\":\"https:\/\/fundacionloyola.com\/sanignacio\/wp-content\/uploads\/2024\/11\/Web-Cartel-Puertas-Abiertas-Infantil-4.png\",\"datePublished\":\"2024-12-05T09:06:19+00:00\",\"dateModified\":\"2025-03-10T19:45:07+00:00\",\"description\":\"La Fundaci\u00f3n Loyola es una obra apost\u00f3lica de la Compa\u00f1\u00eda de Jes\u00fas dedicada a la educaci\u00f3n en el \u00e1mbito de Andaluc\u00eda, Canarias y Extremadura.\",\"breadcrumb\":{\"@id\":\"http:\/\/fundacionloyola.com\/sanignacio\/#breadcrumb\"},\"inLanguage\":\"es\",\"potentialAction\":[{\"@type\":\"ReadAction\",\"target\":[\"http:\/\/fundacionloyola.com\/sanignacio\/\"]}]},{\"@type\":\"ImageObject\",\"inLanguage\":\"es\",\"@id\":\"http:\/\/fundacionloyola.com\/sanignacio\/#primaryimage\",\"url\":\"https:\/\/fundacionloyola.com\/sanignacio\/wp-content\/uploads\/2024\/11\/Web-Cartel-Puertas-Abiertas-Infantil-4.png\",\"contentUrl\":\"https:\/\/fundacionloyola.com\/sanignacio\/wp-content\/uploads\/2024\/11\/Web-Cartel-Puertas-Abiertas-Infantil-4.png\",\"width\":6208,\"height\":1530},{\"@type\":\"BreadcrumbList\",\"@id\":\"http:\/\/fundacionloyola.com\/sanignacio\/#breadcrumb\",\"itemListElement\":[{\"@type\":\"ListItem\",\"position\":1,\"name\":\"Portada\",\"item\":\"http:\/\/fundacionloyola.com\/sanignacio\/\"},{\"@type\":\"ListItem\",\"position\":2,\"name\":\"Inicio Colegio San Ignacio de Loyola\"}]},{\"@type\":\"WebSite\",\"@id\":\"http:\/\/fundacionloyola.com\/sanignacio\/#website\",\"url\":\"http:\/\/fundacionloyola.com\/sanignacio\/\",\"name\":\"Fundaci\u00f3n Loyola\",\"description\":\"Colegio San Ignacio de Loyola\",\"potentialAction\":[{\"@type\":\"SearchAction\",\"target\":{\"@type\":\"EntryPoint\",\"urlTemplate\":\"http:\/\/fundacionloyola.com\/sanignacio\/?s={search_term_string}\"},\"query-input\":{\"@type\":\"PropertyValueSpecification\",\"valueRequired\":true,\"valueName\":\"search_term_string\"}}],\"inLanguage\":\"es\"}]}<\/script>\n<!-- \/ Yoast SEO plugin. -->","yoast_head_json":{"title":"Inicio Colegio San Ignacio de Loyola - Educaci\u00f3n Andaluc\u00eda, Canarias y Extremadura","description":"La Fundaci\u00f3n Loyola es una obra apost\u00f3lica de la Compa\u00f1\u00eda de Jes\u00fas dedicada a la educaci\u00f3n en el \u00e1mbito de Andaluc\u00eda, Canarias y Extremadura.","robots":{"index":"index","follow":"follow","max-snippet":"max-snippet:-1","max-image-preview":"max-image-preview:large","max-video-preview":"max-video-preview:-1"},"canonical":"http:\/\/fundacionloyola.com\/sanignacio\/","og_locale":"es_ES","og_type":"article","og_title":"Inicio Colegio San Ignacio de Loyola - Educaci\u00f3n Andaluc\u00eda, Canarias y Extremadura","og_description":"La Fundaci\u00f3n Loyola es una obra apost\u00f3lica de la Compa\u00f1\u00eda de Jes\u00fas dedicada a la educaci\u00f3n en el \u00e1mbito de Andaluc\u00eda, Canarias y Extremadura.","og_url":"http:\/\/fundacionloyola.com\/sanignacio\/","og_site_name":"Fundaci\u00f3n Loyola","article_modified_time":"2025-03-10T19:45:07+00:00","og_image":[{"width":6208,"height":1530,"url":"http:\/\/fundacionloyola.com\/sanignacio\/wp-content\/uploads\/2024\/11\/Web-Cartel-Puertas-Abiertas-Infantil-4.png","type":"image\/png"}],"twitter_card":"summary_large_image","twitter_misc":{"Tiempo de lectura":"7 minutos"},"schema":{"@context":"https:\/\/schema.org","@graph":[{"@type":"WebPage","@id":"http:\/\/fundacionloyola.com\/sanignacio\/","url":"http:\/\/fundacionloyola.com\/sanignacio\/","name":"Inicio Colegio San Ignacio de Loyola - Educaci\u00f3n Andaluc\u00eda, Canarias y Extremadura","isPartOf":{"@id":"http:\/\/fundacionloyola.com\/sanignacio\/#website"},"primaryImageOfPage":{"@id":"http:\/\/fundacionloyola.com\/sanignacio\/#primaryimage"},"image":{"@id":"http:\/\/fundacionloyola.com\/sanignacio\/#primaryimage"},"thumbnailUrl":"https:\/\/fundacionloyola.com\/sanignacio\/wp-content\/uploads\/2024\/11\/Web-Cartel-Puertas-Abiertas-Infantil-4.png","datePublished":"2024-12-05T09:06:19+00:00","dateModified":"2025-03-10T19:45:07+00:00","description":"La Fundaci\u00f3n Loyola es una obra apost\u00f3lica de la Compa\u00f1\u00eda de Jes\u00fas dedicada a la educaci\u00f3n en el \u00e1mbito de Andaluc\u00eda, Canarias y Extremadura.","breadcrumb":{"@id":"http:\/\/fundacionloyola.com\/sanignacio\/#breadcrumb"},"inLanguage":"es","potentialAction":[{"@type":"ReadAction","target":["http:\/\/fundacionloyola.com\/sanignacio\/"]}]},{"@type":"ImageObject","inLanguage":"es","@id":"http:\/\/fundacionloyola.com\/sanignacio\/#primaryimage","url":"https:\/\/fundacionloyola.com\/sanignacio\/wp-content\/uploads\/2024\/11\/Web-Cartel-Puertas-Abiertas-Infantil-4.png","contentUrl":"https:\/\/fundacionloyola.com\/sanignacio\/wp-content\/uploads\/2024\/11\/Web-Cartel-Puertas-Abiertas-Infantil-4.png","width":6208,"height":1530},{"@type":"BreadcrumbList","@id":"http:\/\/fundacionloyola.com\/sanignacio\/#breadcrumb","itemListElement":[{"@type":"ListItem","position":1,"name":"Portada","item":"http:\/\/fundacionloyola.com\/sanignacio\/"},{"@type":"ListItem","position":2,"name":"Inicio Colegio San Ignacio de Loyola"}]},{"@type":"WebSite","@id":"http:\/\/fundacionloyola.com\/sanignacio\/#website","url":"http:\/\/fundacionloyola.com\/sanignacio\/","name":"Fundaci\u00f3n Loyola","description":"Colegio San Ignacio de Loyola","potentialAction":[{"@type":"SearchAction","target":{"@type":"EntryPoint","urlTemplate":"http:\/\/fundacionloyola.com\/sanignacio\/?s={search_term_string}"},"query-input":{"@type":"PropertyValueSpecification","valueRequired":true,"valueName":"search_term_string"}}],"inLanguage":"es"}]}},"_links":{"self":[{"href":"https:\/\/fundacionloyola.com\/sanignacio\/wp-json\/wp\/v2\/pages\/12059","targetHints":{"allow":["GET"]}}],"collection":[{"href":"https:\/\/fundacionloyola.com\/sanignacio\/wp-json\/wp\/v2\/pages"}],"about":[{"href":"https:\/\/fundacionloyola.com\/sanignacio\/wp-json\/wp\/v2\/types\/page"}],"author":[{"embeddable":true,"href":"https:\/\/fundacionloyola.com\/sanignacio\/wp-json\/wp\/v2\/users\/2"}],"replies":[{"embeddable":true,"href":"https:\/\/fundacionloyola.com\/sanignacio\/wp-json\/wp\/v2\/comments?post=12059"}],"version-history":[{"count":6,"href":"https:\/\/fundacionloyola.com\/sanignacio\/wp-json\/wp\/v2\/pages\/12059\/revisions"}],"predecessor-version":[{"id":13745,"href":"https:\/\/fundacionloyola.com\/sanignacio\/wp-json\/wp\/v2\/pages\/12059\/revisions\/13745"}],"wp:featuredmedia":[{"embeddable":true,"href":"https:\/\/fundacionloyola.com\/sanignacio\/wp-json\/wp\/v2\/media\/12042"}],"wp:attachment":[{"href":"https:\/\/fundacionloyola.com\/sanignacio\/wp-json\/wp\/v2\/media?parent=12059"}],"curies":[{"name":"wp","href":"https:\/\/api.w.org\/{rel}","templated":true}]}}