{"id":5727,"date":"2025-11-10T08:53:28","date_gmt":"2025-11-10T08:53:28","guid":{"rendered":"https:\/\/fundacionloyola.com\/sanestanislao\/?page_id=5727"},"modified":"2025-11-10T08:56:29","modified_gmt":"2025-11-10T08:56:29","slug":"erasmus","status":"publish","type":"page","link":"https:\/\/fundacionloyola.com\/sanestanislao\/erasmus\/","title":{"rendered":""},"content":{"rendered":"\n<figure class=\"wp-block-image size-full\"><img loading=\"lazy\" decoding=\"async\" width=\"685\" height=\"309\" src=\"https:\/\/fundacionloyola.com\/sanestanislao\/wp-content\/uploads\/2025\/11\/erasmus-1.png\" alt=\"\" class=\"wp-image-5728\" srcset=\"https:\/\/fundacionloyola.com\/sanestanislao\/wp-content\/uploads\/2025\/11\/erasmus-1.png 685w, https:\/\/fundacionloyola.com\/sanestanislao\/wp-content\/uploads\/2025\/11\/erasmus-1-300x135.png 300w\" sizes=\"auto, (max-width: 685px) 100vw, 685px\" \/><\/figure>\n\n\n\n<p class=\"has-black-color has-text-color has-link-color has-large-font-size wp-elements-77dee0861a17d053dea4c0b8533ee872\"><strong>Sobre el programa<\/strong><\/p>\n\n\n\n<p>Desde el curso 2018-19 nuestro Colegio ha participado en el programa Erasmus+. Un peque\u00f1o grupo de profesores de las tres etapas inici\u00f3 un sue\u00f1o de la mano de la Uni\u00f3n Europea y el responsable del programa en Espa\u00f1a, el SEPIE.<\/p>\n\n\n\n<p>En el a\u00f1o 2021 recibimos la Acreditaci\u00f3n certificada por parte de la UE para organizar las distintas movilidades, tanto de alumnos como de profesorado, desde 2022 hasta 2027. Cada a\u00f1o ponemos en movimiento a unos 70 alumnos de nuestro Centro, los cuales visitan distintos pa\u00edses, en estancias de diferente duraci\u00f3n, pero siempre con el compromiso de mejorar en su formaci\u00f3n como alumnos conscientes y comprometidos con nuestra identidad europea.<\/p>\n\n\n\n<p class=\"has-black-color has-text-color has-link-color has-large-font-size wp-elements-65c4a0af031642661b87d3721637c905\"><strong>CURSO 2025-2026<\/strong><\/p>\n\n\n\n<figure class=\"wp-block-image size-large\"><img loading=\"lazy\" decoding=\"async\" width=\"1024\" height=\"768\" src=\"https:\/\/fundacionloyola.com\/sanestanislao\/wp-content\/uploads\/2025\/11\/Imagen-de-WhatsApp-2025-10-07-a-las-17.30.55_0d013e28-1024x768.jpg\" alt=\"\" class=\"wp-image-5729\" srcset=\"https:\/\/fundacionloyola.com\/sanestanislao\/wp-content\/uploads\/2025\/11\/Imagen-de-WhatsApp-2025-10-07-a-las-17.30.55_0d013e28-1024x768.jpg 1024w, https:\/\/fundacionloyola.com\/sanestanislao\/wp-content\/uploads\/2025\/11\/Imagen-de-WhatsApp-2025-10-07-a-las-17.30.55_0d013e28-300x225.jpg 300w, https:\/\/fundacionloyola.com\/sanestanislao\/wp-content\/uploads\/2025\/11\/Imagen-de-WhatsApp-2025-10-07-a-las-17.30.55_0d013e28-768x576.jpg 768w, https:\/\/fundacionloyola.com\/sanestanislao\/wp-content\/uploads\/2025\/11\/Imagen-de-WhatsApp-2025-10-07-a-las-17.30.55_0d013e28-1536x1152.jpg 1536w, https:\/\/fundacionloyola.com\/sanestanislao\/wp-content\/uploads\/2025\/11\/Imagen-de-WhatsApp-2025-10-07-a-las-17.30.55_0d013e28.jpg 2048w\" sizes=\"auto, (max-width: 1024px) 100vw, 1024px\" \/><\/figure>\n\n\n\n<p class=\"has-vivid-cyan-blue-color has-text-color has-link-color has-medium-font-size wp-elements-ae76c68871ac624f51d3baf325959388\"><strong>Movilidad Loreto Foxrock (Dubl\u00edn)<\/strong><\/p>\n\n\n\n<figure class=\"wp-block-gallery has-nested-images columns-default is-cropped wp-block-gallery-1 is-layout-flex wp-block-gallery-is-layout-flex\">\n<figure class=\"wp-block-image size-large\"><img loading=\"lazy\" decoding=\"async\" width=\"1024\" height=\"768\" data-id=\"5730\" src=\"https:\/\/fundacionloyola.com\/sanestanislao\/wp-content\/uploads\/2025\/11\/Imagen-de-WhatsApp-2025-09-20-a-las-11.42.15_41ee125f-1024x768.jpg\" alt=\"\" class=\"wp-image-5730\" srcset=\"https:\/\/fundacionloyola.com\/sanestanislao\/wp-content\/uploads\/2025\/11\/Imagen-de-WhatsApp-2025-09-20-a-las-11.42.15_41ee125f-1024x768.jpg 1024w, https:\/\/fundacionloyola.com\/sanestanislao\/wp-content\/uploads\/2025\/11\/Imagen-de-WhatsApp-2025-09-20-a-las-11.42.15_41ee125f-300x225.jpg 300w, https:\/\/fundacionloyola.com\/sanestanislao\/wp-content\/uploads\/2025\/11\/Imagen-de-WhatsApp-2025-09-20-a-las-11.42.15_41ee125f-768x576.jpg 768w, https:\/\/fundacionloyola.com\/sanestanislao\/wp-content\/uploads\/2025\/11\/Imagen-de-WhatsApp-2025-09-20-a-las-11.42.15_41ee125f-1536x1152.jpg 1536w, https:\/\/fundacionloyola.com\/sanestanislao\/wp-content\/uploads\/2025\/11\/Imagen-de-WhatsApp-2025-09-20-a-las-11.42.15_41ee125f.jpg 1600w\" sizes=\"auto, (max-width: 1024px) 100vw, 1024px\" \/><\/figure>\n<\/figure>\n\n\n\n<figure class=\"wp-block-image size-large\"><img loading=\"lazy\" decoding=\"async\" width=\"1024\" height=\"768\" src=\"https:\/\/fundacionloyola.com\/sanestanislao\/wp-content\/uploads\/2025\/11\/Imagen-de-WhatsApp-2025-09-22-a-las-15.03.52_6e328082-1024x768.jpg\" alt=\"\" class=\"wp-image-5731\" srcset=\"https:\/\/fundacionloyola.com\/sanestanislao\/wp-content\/uploads\/2025\/11\/Imagen-de-WhatsApp-2025-09-22-a-las-15.03.52_6e328082-1024x768.jpg 1024w, https:\/\/fundacionloyola.com\/sanestanislao\/wp-content\/uploads\/2025\/11\/Imagen-de-WhatsApp-2025-09-22-a-las-15.03.52_6e328082-300x225.jpg 300w, https:\/\/fundacionloyola.com\/sanestanislao\/wp-content\/uploads\/2025\/11\/Imagen-de-WhatsApp-2025-09-22-a-las-15.03.52_6e328082-768x576.jpg 768w, https:\/\/fundacionloyola.com\/sanestanislao\/wp-content\/uploads\/2025\/11\/Imagen-de-WhatsApp-2025-09-22-a-las-15.03.52_6e328082-1536x1152.jpg 1536w, https:\/\/fundacionloyola.com\/sanestanislao\/wp-content\/uploads\/2025\/11\/Imagen-de-WhatsApp-2025-09-22-a-las-15.03.52_6e328082.jpg 1600w\" sizes=\"auto, (max-width: 1024px) 100vw, 1024px\" \/><\/figure>\n\n\n\n<figure class=\"wp-block-image size-large\"><img loading=\"lazy\" decoding=\"async\" width=\"1024\" height=\"768\" src=\"https:\/\/fundacionloyola.com\/sanestanislao\/wp-content\/uploads\/2025\/11\/Imagen-de-WhatsApp-2025-10-11-a-las-17.54.12_0493f360-1024x768.jpg\" alt=\"\" class=\"wp-image-5732\" srcset=\"https:\/\/fundacionloyola.com\/sanestanislao\/wp-content\/uploads\/2025\/11\/Imagen-de-WhatsApp-2025-10-11-a-las-17.54.12_0493f360-1024x768.jpg 1024w, https:\/\/fundacionloyola.com\/sanestanislao\/wp-content\/uploads\/2025\/11\/Imagen-de-WhatsApp-2025-10-11-a-las-17.54.12_0493f360-300x225.jpg 300w, https:\/\/fundacionloyola.com\/sanestanislao\/wp-content\/uploads\/2025\/11\/Imagen-de-WhatsApp-2025-10-11-a-las-17.54.12_0493f360-768x576.jpg 768w, https:\/\/fundacionloyola.com\/sanestanislao\/wp-content\/uploads\/2025\/11\/Imagen-de-WhatsApp-2025-10-11-a-las-17.54.12_0493f360-1536x1152.jpg 1536w, https:\/\/fundacionloyola.com\/sanestanislao\/wp-content\/uploads\/2025\/11\/Imagen-de-WhatsApp-2025-10-11-a-las-17.54.12_0493f360.jpg 1600w\" sizes=\"auto, (max-width: 1024px) 100vw, 1024px\" \/><\/figure>\n\n\n\n<p class=\"has-vivid-cyan-blue-color has-text-color has-link-color has-medium-font-size wp-elements-e04b0efafccd0941ddb822c38ab0a62c\"><strong>Movilidad Jesenik (Rep\u00fablica Checa) <\/strong><\/p>\n\n\n\n<figure class=\"wp-block-image size-large\"><img loading=\"lazy\" decoding=\"async\" width=\"576\" height=\"1024\" src=\"https:\/\/fundacionloyola.com\/sanestanislao\/wp-content\/uploads\/2025\/11\/Imagen-de-WhatsApp-2025-10-07-a-las-10.09.02_7cccc24c-1-576x1024.jpg\" alt=\"\" class=\"wp-image-5734\" srcset=\"https:\/\/fundacionloyola.com\/sanestanislao\/wp-content\/uploads\/2025\/11\/Imagen-de-WhatsApp-2025-10-07-a-las-10.09.02_7cccc24c-1-576x1024.jpg 576w, https:\/\/fundacionloyola.com\/sanestanislao\/wp-content\/uploads\/2025\/11\/Imagen-de-WhatsApp-2025-10-07-a-las-10.09.02_7cccc24c-1-169x300.jpg 169w, https:\/\/fundacionloyola.com\/sanestanislao\/wp-content\/uploads\/2025\/11\/Imagen-de-WhatsApp-2025-10-07-a-las-10.09.02_7cccc24c-1-768x1366.jpg 768w, https:\/\/fundacionloyola.com\/sanestanislao\/wp-content\/uploads\/2025\/11\/Imagen-de-WhatsApp-2025-10-07-a-las-10.09.02_7cccc24c-1-864x1536.jpg 864w, https:\/\/fundacionloyola.com\/sanestanislao\/wp-content\/uploads\/2025\/11\/Imagen-de-WhatsApp-2025-10-07-a-las-10.09.02_7cccc24c-1.jpg 899w\" sizes=\"auto, (max-width: 576px) 100vw, 576px\" \/><\/figure>\n\n\n\n<figure class=\"wp-block-image size-large\"><img loading=\"lazy\" decoding=\"async\" width=\"1024\" height=\"456\" src=\"https:\/\/fundacionloyola.com\/sanestanislao\/wp-content\/uploads\/2025\/11\/Imagen-de-WhatsApp-2025-10-07-a-las-14.55.47_04c46994-1024x456.jpg\" alt=\"\" class=\"wp-image-5735\" srcset=\"https:\/\/fundacionloyola.com\/sanestanislao\/wp-content\/uploads\/2025\/11\/Imagen-de-WhatsApp-2025-10-07-a-las-14.55.47_04c46994-1024x456.jpg 1024w, https:\/\/fundacionloyola.com\/sanestanislao\/wp-content\/uploads\/2025\/11\/Imagen-de-WhatsApp-2025-10-07-a-las-14.55.47_04c46994-300x134.jpg 300w, https:\/\/fundacionloyola.com\/sanestanislao\/wp-content\/uploads\/2025\/11\/Imagen-de-WhatsApp-2025-10-07-a-las-14.55.47_04c46994-768x342.jpg 768w, https:\/\/fundacionloyola.com\/sanestanislao\/wp-content\/uploads\/2025\/11\/Imagen-de-WhatsApp-2025-10-07-a-las-14.55.47_04c46994-1536x684.jpg 1536w, https:\/\/fundacionloyola.com\/sanestanislao\/wp-content\/uploads\/2025\/11\/Imagen-de-WhatsApp-2025-10-07-a-las-14.55.47_04c46994-1100x490.jpg 1100w, https:\/\/fundacionloyola.com\/sanestanislao\/wp-content\/uploads\/2025\/11\/Imagen-de-WhatsApp-2025-10-07-a-las-14.55.47_04c46994.jpg 1600w\" sizes=\"auto, (max-width: 1024px) 100vw, 1024px\" \/><\/figure>\n\n\n\n<figure class=\"wp-block-image size-large\"><img loading=\"lazy\" decoding=\"async\" width=\"768\" height=\"1024\" src=\"https:\/\/fundacionloyola.com\/sanestanislao\/wp-content\/uploads\/2025\/11\/Imagen-de-WhatsApp-2025-10-13-a-las-20.16.45_29876473-768x1024.jpg\" alt=\"\" class=\"wp-image-5736\" srcset=\"https:\/\/fundacionloyola.com\/sanestanislao\/wp-content\/uploads\/2025\/11\/Imagen-de-WhatsApp-2025-10-13-a-las-20.16.45_29876473-768x1024.jpg 768w, https:\/\/fundacionloyola.com\/sanestanislao\/wp-content\/uploads\/2025\/11\/Imagen-de-WhatsApp-2025-10-13-a-las-20.16.45_29876473-225x300.jpg 225w, https:\/\/fundacionloyola.com\/sanestanislao\/wp-content\/uploads\/2025\/11\/Imagen-de-WhatsApp-2025-10-13-a-las-20.16.45_29876473-1152x1536.jpg 1152w, https:\/\/fundacionloyola.com\/sanestanislao\/wp-content\/uploads\/2025\/11\/Imagen-de-WhatsApp-2025-10-13-a-las-20.16.45_29876473-600x800.jpg 600w, https:\/\/fundacionloyola.com\/sanestanislao\/wp-content\/uploads\/2025\/11\/Imagen-de-WhatsApp-2025-10-13-a-las-20.16.45_29876473.jpg 1200w\" sizes=\"auto, (max-width: 768px) 100vw, 768px\" \/><\/figure>\n","protected":false},"excerpt":{"rendered":"<p>Sobre el programa Desde el curso 2018-19 nuestro Colegio ha participado en el programa Erasmus+. Un peque\u00f1o grupo de profesores de las tres etapas inici\u00f3 un sue\u00f1o de la mano de la Uni\u00f3n Europea y el responsable del programa en Espa\u00f1a, el SEPIE. En el a\u00f1o 2021 recibimos la Acreditaci\u00f3n certificada por parte de la [&hellip;]<\/p>\n","protected":false},"author":2,"featured_media":5728,"parent":0,"menu_order":0,"comment_status":"closed","ping_status":"closed","template":"","meta":{"footnotes":""},"class_list":["post-5727","page","type-page","status-publish","has-post-thumbnail","hentry"],"yoast_head":"<!-- This site is optimized with the Yoast SEO plugin v23.9 - https:\/\/yoast.com\/wordpress\/plugins\/seo\/ -->\n<title>- Fundaci\u00f3n Loyola<\/title>\n<meta name=\"robots\" content=\"index, follow, max-snippet:-1, max-image-preview:large, max-video-preview:-1\" \/>\n<link rel=\"canonical\" href=\"https:\/\/fundacionloyola.com\/sanestanislao\/erasmus\/\" \/>\n<meta property=\"og:locale\" content=\"es_ES\" \/>\n<meta property=\"og:type\" content=\"article\" \/>\n<meta property=\"og:title\" content=\"- Fundaci\u00f3n Loyola\" \/>\n<meta property=\"og:description\" content=\"Sobre el programa Desde el curso 2018-19 nuestro Colegio ha participado en el programa Erasmus+. Un peque\u00f1o grupo de profesores de las tres etapas inici\u00f3 un sue\u00f1o de la mano de la Uni\u00f3n Europea y el responsable del programa en Espa\u00f1a, el SEPIE. En el a\u00f1o 2021 recibimos la Acreditaci\u00f3n certificada por parte de la [&hellip;]\" \/>\n<meta property=\"og:url\" content=\"https:\/\/fundacionloyola.com\/sanestanislao\/erasmus\/\" \/>\n<meta property=\"og:site_name\" content=\"Fundaci\u00f3n Loyola\" \/>\n<meta property=\"article:modified_time\" content=\"2025-11-10T08:56:29+00:00\" \/>\n<meta property=\"og:image\" content=\"https:\/\/fundacionloyola.com\/sanestanislao\/wp-content\/uploads\/2025\/11\/erasmus-1.png\" \/>\n\t<meta property=\"og:image:width\" content=\"685\" \/>\n\t<meta property=\"og:image:height\" content=\"309\" \/>\n\t<meta property=\"og:image:type\" content=\"image\/png\" \/>\n<meta name=\"twitter:card\" content=\"summary_large_image\" \/>\n<meta name=\"twitter:label1\" content=\"Tiempo de lectura\" \/>\n\t<meta name=\"twitter:data1\" content=\"3 minutos\" \/>\n<script type=\"application\/ld+json\" class=\"yoast-schema-graph\">{\"@context\":\"https:\/\/schema.org\",\"@graph\":[{\"@type\":\"WebPage\",\"@id\":\"https:\/\/fundacionloyola.com\/sanestanislao\/erasmus\/\",\"url\":\"https:\/\/fundacionloyola.com\/sanestanislao\/erasmus\/\",\"name\":\"- Fundaci\u00f3n Loyola\",\"isPartOf\":{\"@id\":\"https:\/\/fundacionloyola.com\/sanestanislao\/#website\"},\"primaryImageOfPage\":{\"@id\":\"https:\/\/fundacionloyola.com\/sanestanislao\/erasmus\/#primaryimage\"},\"image\":{\"@id\":\"https:\/\/fundacionloyola.com\/sanestanislao\/erasmus\/#primaryimage\"},\"thumbnailUrl\":\"https:\/\/fundacionloyola.com\/sanestanislao\/wp-content\/uploads\/2025\/11\/erasmus-1.png\",\"datePublished\":\"2025-11-10T08:53:28+00:00\",\"dateModified\":\"2025-11-10T08:56:29+00:00\",\"inLanguage\":\"es\",\"potentialAction\":[{\"@type\":\"ReadAction\",\"target\":[\"https:\/\/fundacionloyola.com\/sanestanislao\/erasmus\/\"]}]},{\"@type\":\"ImageObject\",\"inLanguage\":\"es\",\"@id\":\"https:\/\/fundacionloyola.com\/sanestanislao\/erasmus\/#primaryimage\",\"url\":\"https:\/\/fundacionloyola.com\/sanestanislao\/wp-content\/uploads\/2025\/11\/erasmus-1.png\",\"contentUrl\":\"https:\/\/fundacionloyola.com\/sanestanislao\/wp-content\/uploads\/2025\/11\/erasmus-1.png\",\"width\":685,\"height\":309},{\"@type\":\"WebSite\",\"@id\":\"https:\/\/fundacionloyola.com\/sanestanislao\/#website\",\"url\":\"https:\/\/fundacionloyola.com\/sanestanislao\/\",\"name\":\"Fundaci\u00f3n Loyola\",\"description\":\"Colegio San Estanislao de Kotska\",\"potentialAction\":[{\"@type\":\"SearchAction\",\"target\":{\"@type\":\"EntryPoint\",\"urlTemplate\":\"https:\/\/fundacionloyola.com\/sanestanislao\/?s={search_term_string}\"},\"query-input\":{\"@type\":\"PropertyValueSpecification\",\"valueRequired\":true,\"valueName\":\"search_term_string\"}}],\"inLanguage\":\"es\"}]}<\/script>\n<!-- \/ Yoast SEO plugin. -->","yoast_head_json":{"title":"- Fundaci\u00f3n Loyola","robots":{"index":"index","follow":"follow","max-snippet":"max-snippet:-1","max-image-preview":"max-image-preview:large","max-video-preview":"max-video-preview:-1"},"canonical":"https:\/\/fundacionloyola.com\/sanestanislao\/erasmus\/","og_locale":"es_ES","og_type":"article","og_title":"- Fundaci\u00f3n Loyola","og_description":"Sobre el programa Desde el curso 2018-19 nuestro Colegio ha participado en el programa Erasmus+. Un peque\u00f1o grupo de profesores de las tres etapas inici\u00f3 un sue\u00f1o de la mano de la Uni\u00f3n Europea y el responsable del programa en Espa\u00f1a, el SEPIE. En el a\u00f1o 2021 recibimos la Acreditaci\u00f3n certificada por parte de la [&hellip;]","og_url":"https:\/\/fundacionloyola.com\/sanestanislao\/erasmus\/","og_site_name":"Fundaci\u00f3n Loyola","article_modified_time":"2025-11-10T08:56:29+00:00","og_image":[{"width":685,"height":309,"url":"https:\/\/fundacionloyola.com\/sanestanislao\/wp-content\/uploads\/2025\/11\/erasmus-1.png","type":"image\/png"}],"twitter_card":"summary_large_image","twitter_misc":{"Tiempo de lectura":"3 minutos"},"schema":{"@context":"https:\/\/schema.org","@graph":[{"@type":"WebPage","@id":"https:\/\/fundacionloyola.com\/sanestanislao\/erasmus\/","url":"https:\/\/fundacionloyola.com\/sanestanislao\/erasmus\/","name":"- Fundaci\u00f3n Loyola","isPartOf":{"@id":"https:\/\/fundacionloyola.com\/sanestanislao\/#website"},"primaryImageOfPage":{"@id":"https:\/\/fundacionloyola.com\/sanestanislao\/erasmus\/#primaryimage"},"image":{"@id":"https:\/\/fundacionloyola.com\/sanestanislao\/erasmus\/#primaryimage"},"thumbnailUrl":"https:\/\/fundacionloyola.com\/sanestanislao\/wp-content\/uploads\/2025\/11\/erasmus-1.png","datePublished":"2025-11-10T08:53:28+00:00","dateModified":"2025-11-10T08:56:29+00:00","inLanguage":"es","potentialAction":[{"@type":"ReadAction","target":["https:\/\/fundacionloyola.com\/sanestanislao\/erasmus\/"]}]},{"@type":"ImageObject","inLanguage":"es","@id":"https:\/\/fundacionloyola.com\/sanestanislao\/erasmus\/#primaryimage","url":"https:\/\/fundacionloyola.com\/sanestanislao\/wp-content\/uploads\/2025\/11\/erasmus-1.png","contentUrl":"https:\/\/fundacionloyola.com\/sanestanislao\/wp-content\/uploads\/2025\/11\/erasmus-1.png","width":685,"height":309},{"@type":"WebSite","@id":"https:\/\/fundacionloyola.com\/sanestanislao\/#website","url":"https:\/\/fundacionloyola.com\/sanestanislao\/","name":"Fundaci\u00f3n Loyola","description":"Colegio San Estanislao de Kotska","potentialAction":[{"@type":"SearchAction","target":{"@type":"EntryPoint","urlTemplate":"https:\/\/fundacionloyola.com\/sanestanislao\/?s={search_term_string}"},"query-input":{"@type":"PropertyValueSpecification","valueRequired":true,"valueName":"search_term_string"}}],"inLanguage":"es"}]}},"_links":{"self":[{"href":"https:\/\/fundacionloyola.com\/sanestanislao\/wp-json\/wp\/v2\/pages\/5727","targetHints":{"allow":["GET"]}}],"collection":[{"href":"https:\/\/fundacionloyola.com\/sanestanislao\/wp-json\/wp\/v2\/pages"}],"about":[{"href":"https:\/\/fundacionloyola.com\/sanestanislao\/wp-json\/wp\/v2\/types\/page"}],"author":[{"embeddable":true,"href":"https:\/\/fundacionloyola.com\/sanestanislao\/wp-json\/wp\/v2\/users\/2"}],"replies":[{"embeddable":true,"href":"https:\/\/fundacionloyola.com\/sanestanislao\/wp-json\/wp\/v2\/comments?post=5727"}],"version-history":[{"count":4,"href":"https:\/\/fundacionloyola.com\/sanestanislao\/wp-json\/wp\/v2\/pages\/5727\/revisions"}],"predecessor-version":[{"id":5741,"href":"https:\/\/fundacionloyola.com\/sanestanislao\/wp-json\/wp\/v2\/pages\/5727\/revisions\/5741"}],"wp:featuredmedia":[{"embeddable":true,"href":"https:\/\/fundacionloyola.com\/sanestanislao\/wp-json\/wp\/v2\/media\/5728"}],"wp:attachment":[{"href":"https:\/\/fundacionloyola.com\/sanestanislao\/wp-json\/wp\/v2\/media?parent=5727"}],"curies":[{"name":"wp","href":"https:\/\/api.w.org\/{rel}","templated":true}]}}