{"id":5585,"date":"2025-01-13T09:42:48","date_gmt":"2025-01-13T09:42:48","guid":{"rendered":"https:\/\/fundacionloyola.com\/sanestanislao\/?page_id=5585"},"modified":"2025-01-13T10:46:14","modified_gmt":"2025-01-13T10:46:14","slug":"cuidado-de-la-casa-comun","status":"publish","type":"page","link":"https:\/\/fundacionloyola.com\/sanestanislao\/cuidado-de-la-casa-comun\/","title":{"rendered":"Cuidado de la casa com\u00fan"},"content":{"rendered":"<div class=\"wp-block-image\">\n<figure class=\"aligncenter size-large\"><img loading=\"lazy\" decoding=\"async\" width=\"1024\" height=\"323\" src=\"https:\/\/fundacionloyola.com\/sanestanislao\/wp-content\/uploads\/2025\/01\/Foto-casa-comun-1024x323.jpg\" alt=\"\" class=\"wp-image-5586\" srcset=\"https:\/\/fundacionloyola.com\/sanestanislao\/wp-content\/uploads\/2025\/01\/Foto-casa-comun-1024x323.jpg 1024w, https:\/\/fundacionloyola.com\/sanestanislao\/wp-content\/uploads\/2025\/01\/Foto-casa-comun-300x95.jpg 300w, https:\/\/fundacionloyola.com\/sanestanislao\/wp-content\/uploads\/2025\/01\/Foto-casa-comun-768x242.jpg 768w, https:\/\/fundacionloyola.com\/sanestanislao\/wp-content\/uploads\/2025\/01\/Foto-casa-comun.jpg 1259w\" sizes=\"auto, (max-width: 1024px) 100vw, 1024px\" \/><\/figure><\/div>\n\n\n<p><\/p>\n\n\n\n<p class=\"has-text-align-center has-vivid-cyan-blue-color has-text-color has-link-color wp-elements-c93060f4a135e6fd247f4474550cb6d4\"><strong>Preferencias Apost\u00f3licas Universales<\/strong><\/p>\n\n\n\n<p class=\"has-text-align-center has-vivid-cyan-blue-color has-text-color has-link-color wp-elements-37b16acde97f2b8391f20ce703886757\"><strong>Nos proponemos, desde lo que somos y con los medios a nuestro alcance, colaborar con otros en la construcci\u00f3n de modelos alternativos de vida basados en el respeto a la creaci\u00f3n y en un desarrollo sostenible capaz de producir bienes que, justamente distribuidos, aseguren una vida digna a todos los seres humanos en nuestro planeta.<\/strong>&nbsp; La conservaci\u00f3n en el tiempo de las condiciones de vida del planeta es una responsabilidad humana cargada de sentido \u00e9tico y espiritual.<\/p>\n\n\n\n<p class=\"has-text-align-center has-black-color has-text-color has-link-color wp-elements-63fa90b92cc31be338910703daa8a919\"><em>Llamada: la Reconciliaci\u00f3n con la creaci\u00f3n<\/em><\/p>\n\n\n\n<p class=\"has-text-align-center has-black-color has-text-color has-link-color wp-elements-568c28381a3f62b2f7b5dd7e5f0d2ea3\"><em>El Papa Francisco ha subrayado la conexi\u00f3n fundamental que existe entre la crisis ambiental y la crisis social que vivimos actualmente. No se trata de crisis independientes sino de una \u00fanica crisis que es s\u00edntoma de algo mucho m\u00e1s profundo: el modo equivocado de c\u00f3mo est\u00e1n organizadas nuestras sociedades y nuestras econom\u00edas. El sistema econ\u00f3mico actual, con su enfoque depredador, descarta tanto los recursos naturales como las personas. Por esta raz\u00f3n, el Papa Francisco insiste en que la \u00fanica soluci\u00f3n adecuada es la soluci\u00f3n radical. La orientaci\u00f3n del desarrollo debe ser cambiada para que este sea sostenible. Los jesuitas estamos llamados a prestar ayuda en la sanaci\u00f3n de un mundo herido, promoviendo una nueva forma de producci\u00f3n y consumo que coloque la creaci\u00f3n en el centro.<\/em><\/p>\n\n\n\n<p class=\"has-text-align-center has-black-color has-text-color has-link-color wp-elements-788c04217282e3dbe5fbf684e2dbf2d5\">(Congregaci\u00f3n General XXXVI, Decreto 1)<\/p>\n\n\n\n<p class=\"has-text-align-center has-black-color has-text-color has-link-color wp-elements-2dcfcb7a55e65d6792700aa7ca1e3973\"><em>Todos los seres humanos somos corresponsables respecto a la viabilidad futura de nuestro planeta, m\u00e1s all\u00e1 de nuestros intereses nacionales, locales o generacionales. Urge sumarse a los esfuerzos de muchos por crear una sociedad y una econom\u00eda sostenible en el tiempo para que los seres humanos y el medioambiente sean protegidos. Nuestros colegios en s\u00ed mismos deber\u00edan reflejar esta actitud en sus pr\u00e1cticas y en su estructura.<\/em><\/p>\n\n\n\n<p class=\"has-text-align-center has-black-color has-text-color has-link-color wp-elements-24046096987b7d430b9108378850c6a6\">&nbsp;&nbsp;&nbsp;&nbsp;&nbsp;&nbsp;&nbsp;&nbsp;&nbsp;&nbsp;&nbsp;&nbsp;&nbsp;&nbsp;&nbsp;&nbsp;&nbsp;&nbsp;&nbsp;&nbsp;&nbsp;&nbsp;&nbsp;&nbsp;&nbsp;&nbsp;&nbsp;&nbsp;&nbsp;&nbsp;&nbsp;&nbsp;&nbsp;&nbsp;&nbsp;&nbsp;&nbsp;&nbsp;&nbsp;&nbsp;&nbsp;&nbsp;&nbsp;&nbsp;&nbsp;&nbsp;&nbsp;&nbsp;&nbsp;&nbsp;&nbsp;&nbsp;&nbsp;&nbsp;&nbsp;&nbsp;&nbsp;&nbsp;&nbsp;&nbsp;&nbsp;&nbsp;&nbsp;&nbsp;&nbsp;&nbsp;&nbsp;&nbsp;&nbsp;&nbsp; (Discurso P. General Arturo Sosa. R\u00edo de Janeiro. Octubre 2017)<\/p>\n\n\n\n<p class=\"has-text-align-center has-black-color has-text-color has-link-color wp-elements-c0854f8f7d8058f075ccb50ac4105e62\"><strong><em>Los centros de la Fundaci\u00f3n Loyola est\u00e1n comprometidos con el desarrollo humano y sostenible por lo que nos implicamos en la promoci\u00f3n de sistemas alternativos de producci\u00f3n y consumo responsable con el medio ambiente y la vida de las personas. Para ello, hay que poner el foco en las consecuencias que la actividad humana y la acci\u00f3n educativa tienen sobre el medio en que se desarrollan, con especial atenci\u00f3n al an\u00e1lisis de aspectos como nuestra huella ecol\u00f3gica y la deuda ecol\u00f3gica.<\/em><\/strong><\/p>\n\n\n\n<p class=\"has-text-align-center has-black-color has-text-color has-link-color wp-elements-381a29e76552afabdc4ad0a09e23c6c0\"><strong><em>Priorizamos medidas concretas para avanzar hacia un centro educativo m\u00e1s sostenible ecol\u00f3gicamente.\u00a0 En nuestra huella ecol\u00f3gica toda la energ\u00eda el\u00e9ctrica que consumimos esta certificada como 100% renovable.\u00a0Adem\u00e1s, desde 2023 hemos invertido en instalar en la cubierta de nuestro colegio paneles fotovoltaicos para el autoconsumo con una potencia de 120 kWp.<\/em><\/strong> <strong><em>Con estas dos medidas nuestra huella ecol\u00f3gica se ha reducido considerablemente.<\/em><\/strong><\/p>\n\n\n\n<p class=\"has-text-align-center has-black-color has-text-color has-link-color wp-elements-982fd9f2596f451e033f45abb3f0c882\"><strong><em>Generaci\u00f3n de las instalaciones fotovoltaica para autoconsumo y consumo de electricidad del Colegio <\/em>San Estanislao<\/strong><\/p>\n\n\n<div class=\"wp-block-image\">\n<figure class=\"aligncenter size-large\"><img loading=\"lazy\" decoding=\"async\" width=\"1024\" height=\"576\" src=\"http:\/\/fundacionloyola.com\/sanestanislao\/wp-content\/uploads\/2025\/01\/portada-1024x576.png\" alt=\"\" class=\"wp-image-5580\" srcset=\"https:\/\/fundacionloyola.com\/sanestanislao\/wp-content\/uploads\/2025\/01\/portada-1024x576.png 1024w, https:\/\/fundacionloyola.com\/sanestanislao\/wp-content\/uploads\/2025\/01\/portada-300x169.png 300w, https:\/\/fundacionloyola.com\/sanestanislao\/wp-content\/uploads\/2025\/01\/portada-768x432.png 768w, https:\/\/fundacionloyola.com\/sanestanislao\/wp-content\/uploads\/2025\/01\/portada.png 1152w\" sizes=\"auto, (max-width: 1024px) 100vw, 1024px\" \/><\/figure><\/div>\n\n\n<p class=\"has-text-align-center has-black-color has-text-color has-link-color wp-elements-f1b6d4b78b02793fad02e090163793c1\"><em>Tenemos que agradecer el apoyo financiero de la Uni\u00f3n Europea, en el marco del Plan de Recuperaci\u00f3n, Trasformaci\u00f3n y Resiliencia, del IDAE y de la Junta de Andaluc\u00eda, ya que la Fundaci\u00f3n Loyola ACE ha recibido una ayuda de la Uni\u00f3n Europea con cargo al Fondo NextGenerationEU, en el marco del Plan de Recuperaci\u00f3n, Trasformaci\u00f3n y Resiliencia, para el PROYECTO DE INSTALACI\u00d3N SOLAR FOTOVOLTAICA PARA AUTOCONSUMO DE 120 kWp EN EL COLEGIO SANESTANISLAO dentro del programa de incentivos ligados al autoconsumo y almacenamiento, con fuentes de energ\u00eda renovable, as\u00ed como la implantaci\u00f3n de sistemas t\u00e9rmicos renovables en el sector residencial del Ministerio para la Transici\u00f3n Ecol\u00f3gica y el Reto Demogr\u00e1fico, gestionado por la Junta de Andaluc\u00eda, a trav\u00e9s de la Agencia Andaluza de la Energ\u00eda.<\/em><\/p>\n\n\n<div class=\"wp-block-image\">\n<figure class=\"aligncenter size-full\"><img loading=\"lazy\" decoding=\"async\" width=\"886\" height=\"178\" src=\"http:\/\/fundacionloyola.com\/sanestanislao\/wp-content\/uploads\/2025\/01\/logos-fotovoltaicas.png\" alt=\"\" class=\"wp-image-5579\" srcset=\"https:\/\/fundacionloyola.com\/sanestanislao\/wp-content\/uploads\/2025\/01\/logos-fotovoltaicas.png 886w, https:\/\/fundacionloyola.com\/sanestanislao\/wp-content\/uploads\/2025\/01\/logos-fotovoltaicas-300x60.png 300w, https:\/\/fundacionloyola.com\/sanestanislao\/wp-content\/uploads\/2025\/01\/logos-fotovoltaicas-768x154.png 768w\" sizes=\"auto, (max-width: 886px) 100vw, 886px\" \/><\/figure><\/div>","protected":false},"excerpt":{"rendered":"<p>Preferencias Apost\u00f3licas Universales Nos proponemos, desde lo que somos y con los medios a nuestro alcance, colaborar con otros en la construcci\u00f3n de modelos alternativos de vida basados en el respeto a la creaci\u00f3n y en un desarrollo sostenible capaz de producir bienes que, justamente distribuidos, aseguren una vida digna a todos los seres humanos [&hellip;]<\/p>\n","protected":false},"author":2,"featured_media":5586,"parent":0,"menu_order":0,"comment_status":"closed","ping_status":"closed","template":"","meta":{"footnotes":""},"class_list":["post-5585","page","type-page","status-publish","has-post-thumbnail","hentry"],"yoast_head":"<!-- This site is optimized with the Yoast SEO plugin v23.9 - https:\/\/yoast.com\/wordpress\/plugins\/seo\/ -->\n<title>Cuidado de la casa com\u00fan - Fundaci\u00f3n Loyola<\/title>\n<meta name=\"robots\" content=\"index, follow, max-snippet:-1, max-image-preview:large, max-video-preview:-1\" \/>\n<link rel=\"canonical\" href=\"https:\/\/fundacionloyola.com\/sanestanislao\/cuidado-de-la-casa-comun\/\" \/>\n<meta property=\"og:locale\" content=\"es_ES\" \/>\n<meta property=\"og:type\" content=\"article\" \/>\n<meta property=\"og:title\" content=\"Cuidado de la casa com\u00fan - Fundaci\u00f3n Loyola\" \/>\n<meta property=\"og:description\" content=\"Preferencias Apost\u00f3licas Universales Nos proponemos, desde lo que somos y con los medios a nuestro alcance, colaborar con otros en la construcci\u00f3n de modelos alternativos de vida basados en el respeto a la creaci\u00f3n y en un desarrollo sostenible capaz de producir bienes que, justamente distribuidos, aseguren una vida digna a todos los seres humanos [&hellip;]\" \/>\n<meta property=\"og:url\" content=\"https:\/\/fundacionloyola.com\/sanestanislao\/cuidado-de-la-casa-comun\/\" \/>\n<meta property=\"og:site_name\" content=\"Fundaci\u00f3n Loyola\" \/>\n<meta property=\"article:modified_time\" content=\"2025-01-13T10:46:14+00:00\" \/>\n<meta property=\"og:image\" content=\"https:\/\/fundacionloyola.com\/sanestanislao\/wp-content\/uploads\/2025\/01\/Foto-casa-comun.jpg\" \/>\n\t<meta property=\"og:image:width\" content=\"1259\" \/>\n\t<meta property=\"og:image:height\" content=\"397\" \/>\n\t<meta property=\"og:image:type\" content=\"image\/jpeg\" \/>\n<meta name=\"twitter:card\" content=\"summary_large_image\" \/>\n<meta name=\"twitter:label1\" content=\"Tiempo de lectura\" \/>\n\t<meta name=\"twitter:data1\" content=\"4 minutos\" \/>\n<script type=\"application\/ld+json\" class=\"yoast-schema-graph\">{\"@context\":\"https:\/\/schema.org\",\"@graph\":[{\"@type\":\"WebPage\",\"@id\":\"https:\/\/fundacionloyola.com\/sanestanislao\/cuidado-de-la-casa-comun\/\",\"url\":\"https:\/\/fundacionloyola.com\/sanestanislao\/cuidado-de-la-casa-comun\/\",\"name\":\"Cuidado de la casa com\u00fan - Fundaci\u00f3n Loyola\",\"isPartOf\":{\"@id\":\"https:\/\/fundacionloyola.com\/sanestanislao\/#website\"},\"primaryImageOfPage\":{\"@id\":\"https:\/\/fundacionloyola.com\/sanestanislao\/cuidado-de-la-casa-comun\/#primaryimage\"},\"image\":{\"@id\":\"https:\/\/fundacionloyola.com\/sanestanislao\/cuidado-de-la-casa-comun\/#primaryimage\"},\"thumbnailUrl\":\"https:\/\/fundacionloyola.com\/sanestanislao\/wp-content\/uploads\/2025\/01\/Foto-casa-comun.jpg\",\"datePublished\":\"2025-01-13T09:42:48+00:00\",\"dateModified\":\"2025-01-13T10:46:14+00:00\",\"breadcrumb\":{\"@id\":\"https:\/\/fundacionloyola.com\/sanestanislao\/cuidado-de-la-casa-comun\/#breadcrumb\"},\"inLanguage\":\"es\",\"potentialAction\":[{\"@type\":\"ReadAction\",\"target\":[\"https:\/\/fundacionloyola.com\/sanestanislao\/cuidado-de-la-casa-comun\/\"]}]},{\"@type\":\"ImageObject\",\"inLanguage\":\"es\",\"@id\":\"https:\/\/fundacionloyola.com\/sanestanislao\/cuidado-de-la-casa-comun\/#primaryimage\",\"url\":\"https:\/\/fundacionloyola.com\/sanestanislao\/wp-content\/uploads\/2025\/01\/Foto-casa-comun.jpg\",\"contentUrl\":\"https:\/\/fundacionloyola.com\/sanestanislao\/wp-content\/uploads\/2025\/01\/Foto-casa-comun.jpg\",\"width\":1259,\"height\":397},{\"@type\":\"BreadcrumbList\",\"@id\":\"https:\/\/fundacionloyola.com\/sanestanislao\/cuidado-de-la-casa-comun\/#breadcrumb\",\"itemListElement\":[{\"@type\":\"ListItem\",\"position\":1,\"name\":\"Portada\",\"item\":\"https:\/\/fundacionloyola.com\/sanestanislao\/\"},{\"@type\":\"ListItem\",\"position\":2,\"name\":\"Cuidado de la casa com\u00fan\"}]},{\"@type\":\"WebSite\",\"@id\":\"https:\/\/fundacionloyola.com\/sanestanislao\/#website\",\"url\":\"https:\/\/fundacionloyola.com\/sanestanislao\/\",\"name\":\"Fundaci\u00f3n Loyola\",\"description\":\"Colegio San Estanislao de Kotska\",\"potentialAction\":[{\"@type\":\"SearchAction\",\"target\":{\"@type\":\"EntryPoint\",\"urlTemplate\":\"https:\/\/fundacionloyola.com\/sanestanislao\/?s={search_term_string}\"},\"query-input\":{\"@type\":\"PropertyValueSpecification\",\"valueRequired\":true,\"valueName\":\"search_term_string\"}}],\"inLanguage\":\"es\"}]}<\/script>\n<!-- \/ Yoast SEO plugin. -->","yoast_head_json":{"title":"Cuidado de la casa com\u00fan - Fundaci\u00f3n Loyola","robots":{"index":"index","follow":"follow","max-snippet":"max-snippet:-1","max-image-preview":"max-image-preview:large","max-video-preview":"max-video-preview:-1"},"canonical":"https:\/\/fundacionloyola.com\/sanestanislao\/cuidado-de-la-casa-comun\/","og_locale":"es_ES","og_type":"article","og_title":"Cuidado de la casa com\u00fan - Fundaci\u00f3n Loyola","og_description":"Preferencias Apost\u00f3licas Universales Nos proponemos, desde lo que somos y con los medios a nuestro alcance, colaborar con otros en la construcci\u00f3n de modelos alternativos de vida basados en el respeto a la creaci\u00f3n y en un desarrollo sostenible capaz de producir bienes que, justamente distribuidos, aseguren una vida digna a todos los seres humanos [&hellip;]","og_url":"https:\/\/fundacionloyola.com\/sanestanislao\/cuidado-de-la-casa-comun\/","og_site_name":"Fundaci\u00f3n Loyola","article_modified_time":"2025-01-13T10:46:14+00:00","og_image":[{"width":1259,"height":397,"url":"https:\/\/fundacionloyola.com\/sanestanislao\/wp-content\/uploads\/2025\/01\/Foto-casa-comun.jpg","type":"image\/jpeg"}],"twitter_card":"summary_large_image","twitter_misc":{"Tiempo de lectura":"4 minutos"},"schema":{"@context":"https:\/\/schema.org","@graph":[{"@type":"WebPage","@id":"https:\/\/fundacionloyola.com\/sanestanislao\/cuidado-de-la-casa-comun\/","url":"https:\/\/fundacionloyola.com\/sanestanislao\/cuidado-de-la-casa-comun\/","name":"Cuidado de la casa com\u00fan - Fundaci\u00f3n Loyola","isPartOf":{"@id":"https:\/\/fundacionloyola.com\/sanestanislao\/#website"},"primaryImageOfPage":{"@id":"https:\/\/fundacionloyola.com\/sanestanislao\/cuidado-de-la-casa-comun\/#primaryimage"},"image":{"@id":"https:\/\/fundacionloyola.com\/sanestanislao\/cuidado-de-la-casa-comun\/#primaryimage"},"thumbnailUrl":"https:\/\/fundacionloyola.com\/sanestanislao\/wp-content\/uploads\/2025\/01\/Foto-casa-comun.jpg","datePublished":"2025-01-13T09:42:48+00:00","dateModified":"2025-01-13T10:46:14+00:00","breadcrumb":{"@id":"https:\/\/fundacionloyola.com\/sanestanislao\/cuidado-de-la-casa-comun\/#breadcrumb"},"inLanguage":"es","potentialAction":[{"@type":"ReadAction","target":["https:\/\/fundacionloyola.com\/sanestanislao\/cuidado-de-la-casa-comun\/"]}]},{"@type":"ImageObject","inLanguage":"es","@id":"https:\/\/fundacionloyola.com\/sanestanislao\/cuidado-de-la-casa-comun\/#primaryimage","url":"https:\/\/fundacionloyola.com\/sanestanislao\/wp-content\/uploads\/2025\/01\/Foto-casa-comun.jpg","contentUrl":"https:\/\/fundacionloyola.com\/sanestanislao\/wp-content\/uploads\/2025\/01\/Foto-casa-comun.jpg","width":1259,"height":397},{"@type":"BreadcrumbList","@id":"https:\/\/fundacionloyola.com\/sanestanislao\/cuidado-de-la-casa-comun\/#breadcrumb","itemListElement":[{"@type":"ListItem","position":1,"name":"Portada","item":"https:\/\/fundacionloyola.com\/sanestanislao\/"},{"@type":"ListItem","position":2,"name":"Cuidado de la casa com\u00fan"}]},{"@type":"WebSite","@id":"https:\/\/fundacionloyola.com\/sanestanislao\/#website","url":"https:\/\/fundacionloyola.com\/sanestanislao\/","name":"Fundaci\u00f3n Loyola","description":"Colegio San Estanislao de Kotska","potentialAction":[{"@type":"SearchAction","target":{"@type":"EntryPoint","urlTemplate":"https:\/\/fundacionloyola.com\/sanestanislao\/?s={search_term_string}"},"query-input":{"@type":"PropertyValueSpecification","valueRequired":true,"valueName":"search_term_string"}}],"inLanguage":"es"}]}},"_links":{"self":[{"href":"https:\/\/fundacionloyola.com\/sanestanislao\/wp-json\/wp\/v2\/pages\/5585","targetHints":{"allow":["GET"]}}],"collection":[{"href":"https:\/\/fundacionloyola.com\/sanestanislao\/wp-json\/wp\/v2\/pages"}],"about":[{"href":"https:\/\/fundacionloyola.com\/sanestanislao\/wp-json\/wp\/v2\/types\/page"}],"author":[{"embeddable":true,"href":"https:\/\/fundacionloyola.com\/sanestanislao\/wp-json\/wp\/v2\/users\/2"}],"replies":[{"embeddable":true,"href":"https:\/\/fundacionloyola.com\/sanestanislao\/wp-json\/wp\/v2\/comments?post=5585"}],"version-history":[{"count":5,"href":"https:\/\/fundacionloyola.com\/sanestanislao\/wp-json\/wp\/v2\/pages\/5585\/revisions"}],"predecessor-version":[{"id":5594,"href":"https:\/\/fundacionloyola.com\/sanestanislao\/wp-json\/wp\/v2\/pages\/5585\/revisions\/5594"}],"wp:featuredmedia":[{"embeddable":true,"href":"https:\/\/fundacionloyola.com\/sanestanislao\/wp-json\/wp\/v2\/media\/5586"}],"wp:attachment":[{"href":"https:\/\/fundacionloyola.com\/sanestanislao\/wp-json\/wp\/v2\/media?parent=5585"}],"curies":[{"name":"wp","href":"https:\/\/api.w.org\/{rel}","templated":true}]}}