{"id":5275,"date":"2022-05-11T12:37:28","date_gmt":"2022-05-11T12:37:28","guid":{"rendered":"https:\/\/fundacionloyola.com\/sanestanislao\/?page_id=5275"},"modified":"2025-05-20T10:33:05","modified_gmt":"2025-05-20T10:33:05","slug":"matriculacion-sek-tutoriales","status":"publish","type":"page","link":"https:\/\/fundacionloyola.com\/sanestanislao\/matriculacion-sek-tutoriales\/","title":{"rendered":"Matr\u00edcula interna SEK Tutoriales"},"content":{"rendered":"\n<p class=\"has-black-color has-text-color has-medium-font-size\">Estimadas familias, hemos enviado un&nbsp;<strong>email a su correo electr\u00f3nico personal&nbsp;<\/strong>con la documentaci\u00f3n que deben cumplimentar para la matriculaci\u00f3n de su hijo\/a en el curso 2025\/2026<\/p>\n\n\n\n<p class=\"has-black-color has-text-color has-link-color wp-elements-73334cdcd099e993203608344aad0080\"><strong>Si en el correo personal no recibe la matr\u00edcula (mirar spam), deber\u00e1 solicitar la documentaci\u00f3n al tutor\/a del estudiante<\/strong>.<\/p>\n\n\n\n<p class=\"has-black-color has-text-color has-medium-font-size\">Se trata de un pdf autorrellenable, con la siguiente informaci\u00f3n:<\/p>\n\n\n\n<ul class=\"wp-block-list has-black-color has-text-color has-link-color wp-elements-0001362c7971913fef83efcb8bf76e6d\">\n<li>Matr\u00edcula oficial<\/li>\n<\/ul>\n\n\n\n<ul class=\"wp-block-list has-black-color has-text-color has-link-color wp-elements-46540a74b0f15f397d3152f377ab5349\">\n<li>Autorizaciones de uso de datos e im\u00e1genes, cuentas de correo de Fundaci\u00f3n, etc.<\/li>\n<\/ul>\n\n\n\n<ul class=\"wp-block-list has-black-color has-text-color has-link-color wp-elements-85e23a1d8f6915837df796d5e6e146ee\">\n<li>Servicios complementarios: En Infantil, Primaria y Secundaria.<\/li>\n<\/ul>\n\n\n\n<p class=\"has-black-color has-text-color has-medium-font-size\">Nos pueden hacer llegar la documentaci\u00f3n por 2 v\u00edas:<\/p>\n\n\n\n<ul class=\"wp-block-list has-black-color has-text-color has-link-color wp-elements-09e5339490fc1469ce86e65edfc8d8cf\">\n<li>Opci\u00f3n 1: Imprimir y entreg\u00e1rselo al alumno\/a para que lo presente en el centro <\/li>\n<\/ul>\n\n\n\n<ul class=\"wp-block-list has-black-color has-text-color has-link-color wp-elements-6200d22db92692c50df82d0cca4ffafd\">\n<li><strong><u>Opci\u00f3n 2: Subir la documentaci\u00f3n a Alexia<\/u><\/strong>. Recomendamos esta opci\u00f3n al ser m\u00e1s sostenible y permitir el acceso por parte de las familias al historial de matr\u00edculas del alumno.<\/li>\n<\/ul>\n\n\n\n<p class=\"has-black-color has-text-color has-medium-font-size\">Hemos creado unos tutoriales explicando el proceso:<\/p>\n\n\n\n<ul class=\"wp-block-list\">\n<li class=\"has-black-color has-text-color has-link-color wp-elements-c1c258a8c443a5f54e45a58aea823d17\">Tutorial para la descarga y firma de la matr\u00edcula.<\/li>\n<\/ul>\n\n\n\n<p class=\"has-vivid-cyan-blue-color has-text-color has-medium-font-size\">Enlace:&nbsp;<a href=\"https:\/\/youtu.be\/tSoFZqK9vvw\" target=\"_blank\" rel=\"noreferrer noopener\">https:\/\/youtu.be\/tSoFZqK9vvw<\/a><\/p>\n\n\n\n<ul class=\"wp-block-list\">\n<li class=\"has-black-color has-text-color has-link-color wp-elements-e2587134622e087f29a3547dffd9ff32\">Tutorial para la subida de la matr\u00edcula en Alexia.<\/li>\n<\/ul>\n\n\n\n<p class=\"has-vivid-cyan-blue-color has-text-color has-medium-font-size\">Enlace:&nbsp;<a href=\"https:\/\/youtu.be\/D-BbvlBGIwI\" target=\"_blank\" rel=\"noreferrer noopener\">https:\/\/youtu.be\/D-BbvlBGIwI<\/a><\/p>\n\n\n\n<p class=\"has-black-color has-text-color has-medium-font-size\">Recuerden, comenzar\u00e1n a recibir las matr\u00edculas en sus correos electr\u00f3nicos (<strong>mirar spam<\/strong>) a partir del 21 de mayo, teniendo como&nbsp;<strong><u>fecha l\u00edmite para la entrega el 31 de mayo<\/u><\/strong>.<\/p>\n\n\n\n<p class=\"has-black-color has-text-color has-medium-font-size\"><strong><u>Si en el correo personal no recibe la matr\u00edcula (mirar spam), deber\u00e1 solicitar la documentaci\u00f3n al tutor\/a del estudiante<\/u><\/strong>. Para cualquier modificaci\u00f3n, dudas, errores, etc\u2026 tienen habilitado el siguiente tel\u00e9fono de Secretar\u00eda:&nbsp;<strong>628 718 672<\/strong>.<\/p>\n\n\n\n<p class=\"has-black-color has-text-color has-medium-font-size\"><strong>Importante:<\/strong> Antes de rellenar la matr\u00edcula, descargue el documento en el ordenador y gu\u00e1rdelo con el nombre del alumno\/a.&nbsp;<\/p>\n","protected":false},"excerpt":{"rendered":"<p>Estimadas familias, hemos enviado un&nbsp;email a su correo electr\u00f3nico personal&nbsp;con la documentaci\u00f3n que deben cumplimentar para la matriculaci\u00f3n de su hijo\/a en el curso 2025\/2026 Si en el correo personal no recibe la matr\u00edcula (mirar spam), deber\u00e1 solicitar la documentaci\u00f3n al tutor\/a del estudiante. Se trata de un pdf autorrellenable, con la siguiente informaci\u00f3n: Nos [&hellip;]<\/p>\n","protected":false},"author":2,"featured_media":0,"parent":0,"menu_order":0,"comment_status":"closed","ping_status":"closed","template":"","meta":{"footnotes":""},"class_list":["post-5275","page","type-page","status-publish","hentry"],"yoast_head":"<!-- This site is optimized with the Yoast SEO plugin v23.9 - https:\/\/yoast.com\/wordpress\/plugins\/seo\/ -->\n<title>Matr\u00edcula interna SEK Tutoriales - Fundaci\u00f3n Loyola<\/title>\n<meta name=\"robots\" content=\"index, follow, max-snippet:-1, max-image-preview:large, max-video-preview:-1\" \/>\n<link rel=\"canonical\" href=\"https:\/\/fundacionloyola.com\/sanestanislao\/matriculacion-sek-tutoriales\/\" \/>\n<meta property=\"og:locale\" content=\"es_ES\" \/>\n<meta property=\"og:type\" content=\"article\" \/>\n<meta property=\"og:title\" content=\"Matr\u00edcula interna SEK Tutoriales - Fundaci\u00f3n Loyola\" \/>\n<meta property=\"og:description\" content=\"Estimadas familias, hemos enviado un&nbsp;email a su correo electr\u00f3nico personal&nbsp;con la documentaci\u00f3n que deben cumplimentar para la matriculaci\u00f3n de su hijo\/a en el curso 2025\/2026 Si en el correo personal no recibe la matr\u00edcula (mirar spam), deber\u00e1 solicitar la documentaci\u00f3n al tutor\/a del estudiante. Se trata de un pdf autorrellenable, con la siguiente informaci\u00f3n: Nos [&hellip;]\" \/>\n<meta property=\"og:url\" content=\"https:\/\/fundacionloyola.com\/sanestanislao\/matriculacion-sek-tutoriales\/\" \/>\n<meta property=\"og:site_name\" content=\"Fundaci\u00f3n Loyola\" \/>\n<meta property=\"article:modified_time\" content=\"2025-05-20T10:33:05+00:00\" \/>\n<meta name=\"twitter:card\" content=\"summary_large_image\" \/>\n<meta name=\"twitter:label1\" content=\"Tiempo de lectura\" \/>\n\t<meta name=\"twitter:data1\" content=\"2 minutos\" \/>\n<script type=\"application\/ld+json\" class=\"yoast-schema-graph\">{\"@context\":\"https:\/\/schema.org\",\"@graph\":[{\"@type\":\"WebPage\",\"@id\":\"https:\/\/fundacionloyola.com\/sanestanislao\/matriculacion-sek-tutoriales\/\",\"url\":\"https:\/\/fundacionloyola.com\/sanestanislao\/matriculacion-sek-tutoriales\/\",\"name\":\"Matr\u00edcula interna SEK Tutoriales - Fundaci\u00f3n Loyola\",\"isPartOf\":{\"@id\":\"https:\/\/fundacionloyola.com\/sanestanislao\/#website\"},\"datePublished\":\"2022-05-11T12:37:28+00:00\",\"dateModified\":\"2025-05-20T10:33:05+00:00\",\"breadcrumb\":{\"@id\":\"https:\/\/fundacionloyola.com\/sanestanislao\/matriculacion-sek-tutoriales\/#breadcrumb\"},\"inLanguage\":\"es\",\"potentialAction\":[{\"@type\":\"ReadAction\",\"target\":[\"https:\/\/fundacionloyola.com\/sanestanislao\/matriculacion-sek-tutoriales\/\"]}]},{\"@type\":\"BreadcrumbList\",\"@id\":\"https:\/\/fundacionloyola.com\/sanestanislao\/matriculacion-sek-tutoriales\/#breadcrumb\",\"itemListElement\":[{\"@type\":\"ListItem\",\"position\":1,\"name\":\"Portada\",\"item\":\"https:\/\/fundacionloyola.com\/sanestanislao\/\"},{\"@type\":\"ListItem\",\"position\":2,\"name\":\"Matr\u00edcula interna SEK Tutoriales\"}]},{\"@type\":\"WebSite\",\"@id\":\"https:\/\/fundacionloyola.com\/sanestanislao\/#website\",\"url\":\"https:\/\/fundacionloyola.com\/sanestanislao\/\",\"name\":\"Fundaci\u00f3n Loyola\",\"description\":\"Colegio San Estanislao de Kotska\",\"potentialAction\":[{\"@type\":\"SearchAction\",\"target\":{\"@type\":\"EntryPoint\",\"urlTemplate\":\"https:\/\/fundacionloyola.com\/sanestanislao\/?s={search_term_string}\"},\"query-input\":{\"@type\":\"PropertyValueSpecification\",\"valueRequired\":true,\"valueName\":\"search_term_string\"}}],\"inLanguage\":\"es\"}]}<\/script>\n<!-- \/ Yoast SEO plugin. -->","yoast_head_json":{"title":"Matr\u00edcula interna SEK Tutoriales - Fundaci\u00f3n Loyola","robots":{"index":"index","follow":"follow","max-snippet":"max-snippet:-1","max-image-preview":"max-image-preview:large","max-video-preview":"max-video-preview:-1"},"canonical":"https:\/\/fundacionloyola.com\/sanestanislao\/matriculacion-sek-tutoriales\/","og_locale":"es_ES","og_type":"article","og_title":"Matr\u00edcula interna SEK Tutoriales - Fundaci\u00f3n Loyola","og_description":"Estimadas familias, hemos enviado un&nbsp;email a su correo electr\u00f3nico personal&nbsp;con la documentaci\u00f3n que deben cumplimentar para la matriculaci\u00f3n de su hijo\/a en el curso 2025\/2026 Si en el correo personal no recibe la matr\u00edcula (mirar spam), deber\u00e1 solicitar la documentaci\u00f3n al tutor\/a del estudiante. Se trata de un pdf autorrellenable, con la siguiente informaci\u00f3n: Nos [&hellip;]","og_url":"https:\/\/fundacionloyola.com\/sanestanislao\/matriculacion-sek-tutoriales\/","og_site_name":"Fundaci\u00f3n Loyola","article_modified_time":"2025-05-20T10:33:05+00:00","twitter_card":"summary_large_image","twitter_misc":{"Tiempo de lectura":"2 minutos"},"schema":{"@context":"https:\/\/schema.org","@graph":[{"@type":"WebPage","@id":"https:\/\/fundacionloyola.com\/sanestanislao\/matriculacion-sek-tutoriales\/","url":"https:\/\/fundacionloyola.com\/sanestanislao\/matriculacion-sek-tutoriales\/","name":"Matr\u00edcula interna SEK Tutoriales - Fundaci\u00f3n Loyola","isPartOf":{"@id":"https:\/\/fundacionloyola.com\/sanestanislao\/#website"},"datePublished":"2022-05-11T12:37:28+00:00","dateModified":"2025-05-20T10:33:05+00:00","breadcrumb":{"@id":"https:\/\/fundacionloyola.com\/sanestanislao\/matriculacion-sek-tutoriales\/#breadcrumb"},"inLanguage":"es","potentialAction":[{"@type":"ReadAction","target":["https:\/\/fundacionloyola.com\/sanestanislao\/matriculacion-sek-tutoriales\/"]}]},{"@type":"BreadcrumbList","@id":"https:\/\/fundacionloyola.com\/sanestanislao\/matriculacion-sek-tutoriales\/#breadcrumb","itemListElement":[{"@type":"ListItem","position":1,"name":"Portada","item":"https:\/\/fundacionloyola.com\/sanestanislao\/"},{"@type":"ListItem","position":2,"name":"Matr\u00edcula interna SEK Tutoriales"}]},{"@type":"WebSite","@id":"https:\/\/fundacionloyola.com\/sanestanislao\/#website","url":"https:\/\/fundacionloyola.com\/sanestanislao\/","name":"Fundaci\u00f3n Loyola","description":"Colegio San Estanislao de Kotska","potentialAction":[{"@type":"SearchAction","target":{"@type":"EntryPoint","urlTemplate":"https:\/\/fundacionloyola.com\/sanestanislao\/?s={search_term_string}"},"query-input":{"@type":"PropertyValueSpecification","valueRequired":true,"valueName":"search_term_string"}}],"inLanguage":"es"}]}},"_links":{"self":[{"href":"https:\/\/fundacionloyola.com\/sanestanislao\/wp-json\/wp\/v2\/pages\/5275","targetHints":{"allow":["GET"]}}],"collection":[{"href":"https:\/\/fundacionloyola.com\/sanestanislao\/wp-json\/wp\/v2\/pages"}],"about":[{"href":"https:\/\/fundacionloyola.com\/sanestanislao\/wp-json\/wp\/v2\/types\/page"}],"author":[{"embeddable":true,"href":"https:\/\/fundacionloyola.com\/sanestanislao\/wp-json\/wp\/v2\/users\/2"}],"replies":[{"embeddable":true,"href":"https:\/\/fundacionloyola.com\/sanestanislao\/wp-json\/wp\/v2\/comments?post=5275"}],"version-history":[{"count":5,"href":"https:\/\/fundacionloyola.com\/sanestanislao\/wp-json\/wp\/v2\/pages\/5275\/revisions"}],"predecessor-version":[{"id":5664,"href":"https:\/\/fundacionloyola.com\/sanestanislao\/wp-json\/wp\/v2\/pages\/5275\/revisions\/5664"}],"wp:attachment":[{"href":"https:\/\/fundacionloyola.com\/sanestanislao\/wp-json\/wp\/v2\/media?parent=5275"}],"curies":[{"name":"wp","href":"https:\/\/api.w.org\/{rel}","templated":true}]}}