{"id":5272,"date":"2022-05-11T12:09:40","date_gmt":"2022-05-11T12:09:40","guid":{"rendered":"https:\/\/fundacionloyola.com\/sanestanislao\/?page_id=5272"},"modified":"2025-05-29T15:02:07","modified_gmt":"2025-05-29T15:02:07","slug":"matriculas-nuevas-admisiones","status":"publish","type":"page","link":"https:\/\/fundacionloyola.com\/sanestanislao\/matriculas-nuevas-admisiones\/","title":{"rendered":"Matr\u00edculas nuevas admisiones de Infantil a Bachillerato curso 2025-2026"},"content":{"rendered":"\n<p class=\"has-black-color has-text-color has-medium-font-size\">Tiene que descargar y cumplimentar la matr\u00edcula y posteriormente entregarla en Secretar\u00eda<\/p>\n\n\n\n<p class=\"has-black-color has-text-color has-medium-font-size\"><strong>Tlf de contacto: 952290250<\/strong><\/p>\n\n\n\n<p class=\"has-black-color has-text-color has-medium-font-size\"><strong>Enlace a la matr\u00edcula de Infantil<\/strong> <strong>pinchando, <a href=\"https:\/\/drive.google.com\/file\/d\/1DzS2NwuZ4RI7aZnrdLAALeToxeD8qIiW\/view?usp=sharing\" target=\"_blank\" rel=\"noreferrer noopener\">aqu\u00ed<\/a><\/strong><\/p>\n\n\n\n<p class=\"has-black-color has-text-color has-medium-font-size\"><strong>Enlace a la matr\u00edcula de Primaria<\/strong> <strong>pinchando, <a href=\"https:\/\/drive.google.com\/file\/d\/1nW9dVL4fNntpB-G-wSf5YI7Ac7Cc6WIY\/view?usp=sharing\" target=\"_blank\" rel=\"noreferrer noopener\">aqu\u00ed<\/a><\/strong><\/p>\n\n\n\n<p class=\"has-black-color has-text-color has-medium-font-size\"><strong>Enlace a la matr\u00edcula de ESO<\/strong> <strong>pinchando, <a href=\"https:\/\/drive.google.com\/file\/d\/1yrsXcPPqZ67xpdiDa_2TCHhiBk1JP8G6\/view?usp=sharing\" target=\"_blank\" rel=\"noreferrer noopener\">aqu\u00ed<\/a><\/strong><\/p>\n\n\n\n<p class=\"has-black-color has-text-color has-medium-font-size\"><strong>Enlace a la matr\u00edcula externos de 1\u00ba de Bachillerato<\/strong> <strong>pinchando, <a href=\"https:\/\/drive.google.com\/file\/d\/1V79oHNprV9Ki897ZHXctwGXrKLS0gS_F\/view?usp=sharing\" target=\"_blank\" rel=\"noreferrer noopener\">aqu\u00ed<\/a><\/strong><\/p>\n\n\n\n<p class=\"has-black-color has-text-color has-medium-font-size\"><strong>Enlace a la matr\u00edcula externos de 2\u00ba de Bachillerato<\/strong> <strong>pinchando, <a href=\"https:\/\/drive.google.com\/file\/d\/1m1J1hTKuezukjDdjk-UYDh2CZUQ-iSrO\/view?usp=sharing\" target=\"_blank\" rel=\"noreferrer noopener\">aqu\u00ed<\/a><\/strong><\/p>\n","protected":false},"excerpt":{"rendered":"<p>Tiene que descargar y cumplimentar la matr\u00edcula y posteriormente entregarla en Secretar\u00eda Tlf de contacto: 952290250 Enlace a la matr\u00edcula de Infantil pinchando, aqu\u00ed Enlace a la matr\u00edcula de Primaria pinchando, aqu\u00ed Enlace a la matr\u00edcula de ESO pinchando, aqu\u00ed Enlace a la matr\u00edcula externos de 1\u00ba de Bachillerato pinchando, aqu\u00ed Enlace a la matr\u00edcula [&hellip;]<\/p>\n","protected":false},"author":2,"featured_media":0,"parent":0,"menu_order":0,"comment_status":"closed","ping_status":"closed","template":"","meta":{"footnotes":""},"class_list":["post-5272","page","type-page","status-publish","hentry"],"yoast_head":"<!-- This site is optimized with the Yoast SEO plugin v23.9 - https:\/\/yoast.com\/wordpress\/plugins\/seo\/ -->\n<title>Matr\u00edculas nuevas admisiones de Infantil a Bachillerato curso 2025-2026 - Fundaci\u00f3n Loyola<\/title>\n<meta name=\"robots\" content=\"index, follow, max-snippet:-1, max-image-preview:large, max-video-preview:-1\" \/>\n<link rel=\"canonical\" href=\"https:\/\/fundacionloyola.com\/sanestanislao\/matriculas-nuevas-admisiones\/\" \/>\n<meta property=\"og:locale\" content=\"es_ES\" \/>\n<meta property=\"og:type\" content=\"article\" \/>\n<meta property=\"og:title\" content=\"Matr\u00edculas nuevas admisiones de Infantil a Bachillerato curso 2025-2026 - Fundaci\u00f3n Loyola\" \/>\n<meta property=\"og:description\" content=\"Tiene que descargar y cumplimentar la matr\u00edcula y posteriormente entregarla en Secretar\u00eda Tlf de contacto: 952290250 Enlace a la matr\u00edcula de Infantil pinchando, aqu\u00ed Enlace a la matr\u00edcula de Primaria pinchando, aqu\u00ed Enlace a la matr\u00edcula de ESO pinchando, aqu\u00ed Enlace a la matr\u00edcula externos de 1\u00ba de Bachillerato pinchando, aqu\u00ed Enlace a la matr\u00edcula [&hellip;]\" \/>\n<meta property=\"og:url\" content=\"https:\/\/fundacionloyola.com\/sanestanislao\/matriculas-nuevas-admisiones\/\" \/>\n<meta property=\"og:site_name\" content=\"Fundaci\u00f3n Loyola\" \/>\n<meta property=\"article:modified_time\" content=\"2025-05-29T15:02:07+00:00\" \/>\n<meta name=\"twitter:card\" content=\"summary_large_image\" \/>\n<meta name=\"twitter:label1\" content=\"Tiempo de lectura\" \/>\n\t<meta name=\"twitter:data1\" content=\"1 minuto\" \/>\n<script type=\"application\/ld+json\" class=\"yoast-schema-graph\">{\"@context\":\"https:\/\/schema.org\",\"@graph\":[{\"@type\":\"WebPage\",\"@id\":\"https:\/\/fundacionloyola.com\/sanestanislao\/matriculas-nuevas-admisiones\/\",\"url\":\"https:\/\/fundacionloyola.com\/sanestanislao\/matriculas-nuevas-admisiones\/\",\"name\":\"Matr\u00edculas nuevas admisiones de Infantil a Bachillerato curso 2025-2026 - Fundaci\u00f3n Loyola\",\"isPartOf\":{\"@id\":\"https:\/\/fundacionloyola.com\/sanestanislao\/#website\"},\"datePublished\":\"2022-05-11T12:09:40+00:00\",\"dateModified\":\"2025-05-29T15:02:07+00:00\",\"breadcrumb\":{\"@id\":\"https:\/\/fundacionloyola.com\/sanestanislao\/matriculas-nuevas-admisiones\/#breadcrumb\"},\"inLanguage\":\"es\",\"potentialAction\":[{\"@type\":\"ReadAction\",\"target\":[\"https:\/\/fundacionloyola.com\/sanestanislao\/matriculas-nuevas-admisiones\/\"]}]},{\"@type\":\"BreadcrumbList\",\"@id\":\"https:\/\/fundacionloyola.com\/sanestanislao\/matriculas-nuevas-admisiones\/#breadcrumb\",\"itemListElement\":[{\"@type\":\"ListItem\",\"position\":1,\"name\":\"Portada\",\"item\":\"https:\/\/fundacionloyola.com\/sanestanislao\/\"},{\"@type\":\"ListItem\",\"position\":2,\"name\":\"Matr\u00edculas nuevas admisiones de Infantil a Bachillerato curso 2025-2026\"}]},{\"@type\":\"WebSite\",\"@id\":\"https:\/\/fundacionloyola.com\/sanestanislao\/#website\",\"url\":\"https:\/\/fundacionloyola.com\/sanestanislao\/\",\"name\":\"Fundaci\u00f3n Loyola\",\"description\":\"Colegio San Estanislao de Kotska\",\"potentialAction\":[{\"@type\":\"SearchAction\",\"target\":{\"@type\":\"EntryPoint\",\"urlTemplate\":\"https:\/\/fundacionloyola.com\/sanestanislao\/?s={search_term_string}\"},\"query-input\":{\"@type\":\"PropertyValueSpecification\",\"valueRequired\":true,\"valueName\":\"search_term_string\"}}],\"inLanguage\":\"es\"}]}<\/script>\n<!-- \/ Yoast SEO plugin. -->","yoast_head_json":{"title":"Matr\u00edculas nuevas admisiones de Infantil a Bachillerato curso 2025-2026 - Fundaci\u00f3n Loyola","robots":{"index":"index","follow":"follow","max-snippet":"max-snippet:-1","max-image-preview":"max-image-preview:large","max-video-preview":"max-video-preview:-1"},"canonical":"https:\/\/fundacionloyola.com\/sanestanislao\/matriculas-nuevas-admisiones\/","og_locale":"es_ES","og_type":"article","og_title":"Matr\u00edculas nuevas admisiones de Infantil a Bachillerato curso 2025-2026 - Fundaci\u00f3n Loyola","og_description":"Tiene que descargar y cumplimentar la matr\u00edcula y posteriormente entregarla en Secretar\u00eda Tlf de contacto: 952290250 Enlace a la matr\u00edcula de Infantil pinchando, aqu\u00ed Enlace a la matr\u00edcula de Primaria pinchando, aqu\u00ed Enlace a la matr\u00edcula de ESO pinchando, aqu\u00ed Enlace a la matr\u00edcula externos de 1\u00ba de Bachillerato pinchando, aqu\u00ed Enlace a la matr\u00edcula [&hellip;]","og_url":"https:\/\/fundacionloyola.com\/sanestanislao\/matriculas-nuevas-admisiones\/","og_site_name":"Fundaci\u00f3n Loyola","article_modified_time":"2025-05-29T15:02:07+00:00","twitter_card":"summary_large_image","twitter_misc":{"Tiempo de lectura":"1 minuto"},"schema":{"@context":"https:\/\/schema.org","@graph":[{"@type":"WebPage","@id":"https:\/\/fundacionloyola.com\/sanestanislao\/matriculas-nuevas-admisiones\/","url":"https:\/\/fundacionloyola.com\/sanestanislao\/matriculas-nuevas-admisiones\/","name":"Matr\u00edculas nuevas admisiones de Infantil a Bachillerato curso 2025-2026 - Fundaci\u00f3n Loyola","isPartOf":{"@id":"https:\/\/fundacionloyola.com\/sanestanislao\/#website"},"datePublished":"2022-05-11T12:09:40+00:00","dateModified":"2025-05-29T15:02:07+00:00","breadcrumb":{"@id":"https:\/\/fundacionloyola.com\/sanestanislao\/matriculas-nuevas-admisiones\/#breadcrumb"},"inLanguage":"es","potentialAction":[{"@type":"ReadAction","target":["https:\/\/fundacionloyola.com\/sanestanislao\/matriculas-nuevas-admisiones\/"]}]},{"@type":"BreadcrumbList","@id":"https:\/\/fundacionloyola.com\/sanestanislao\/matriculas-nuevas-admisiones\/#breadcrumb","itemListElement":[{"@type":"ListItem","position":1,"name":"Portada","item":"https:\/\/fundacionloyola.com\/sanestanislao\/"},{"@type":"ListItem","position":2,"name":"Matr\u00edculas nuevas admisiones de Infantil a Bachillerato curso 2025-2026"}]},{"@type":"WebSite","@id":"https:\/\/fundacionloyola.com\/sanestanislao\/#website","url":"https:\/\/fundacionloyola.com\/sanestanislao\/","name":"Fundaci\u00f3n Loyola","description":"Colegio San Estanislao de Kotska","potentialAction":[{"@type":"SearchAction","target":{"@type":"EntryPoint","urlTemplate":"https:\/\/fundacionloyola.com\/sanestanislao\/?s={search_term_string}"},"query-input":{"@type":"PropertyValueSpecification","valueRequired":true,"valueName":"search_term_string"}}],"inLanguage":"es"}]}},"_links":{"self":[{"href":"https:\/\/fundacionloyola.com\/sanestanislao\/wp-json\/wp\/v2\/pages\/5272","targetHints":{"allow":["GET"]}}],"collection":[{"href":"https:\/\/fundacionloyola.com\/sanestanislao\/wp-json\/wp\/v2\/pages"}],"about":[{"href":"https:\/\/fundacionloyola.com\/sanestanislao\/wp-json\/wp\/v2\/types\/page"}],"author":[{"embeddable":true,"href":"https:\/\/fundacionloyola.com\/sanestanislao\/wp-json\/wp\/v2\/users\/2"}],"replies":[{"embeddable":true,"href":"https:\/\/fundacionloyola.com\/sanestanislao\/wp-json\/wp\/v2\/comments?post=5272"}],"version-history":[{"count":5,"href":"https:\/\/fundacionloyola.com\/sanestanislao\/wp-json\/wp\/v2\/pages\/5272\/revisions"}],"predecessor-version":[{"id":5673,"href":"https:\/\/fundacionloyola.com\/sanestanislao\/wp-json\/wp\/v2\/pages\/5272\/revisions\/5673"}],"wp:attachment":[{"href":"https:\/\/fundacionloyola.com\/sanestanislao\/wp-json\/wp\/v2\/media?parent=5272"}],"curies":[{"name":"wp","href":"https:\/\/api.w.org\/{rel}","templated":true}]}}