{"id":5011,"date":"2021-01-21T07:13:28","date_gmt":"2021-01-21T07:13:28","guid":{"rendered":"http:\/\/fundacionloyola.com\/sanestanislao\/?page_id=5011"},"modified":"2022-01-26T08:38:31","modified_gmt":"2022-01-26T08:38:31","slug":"puertas-abiertas-virtual","status":"publish","type":"page","link":"https:\/\/fundacionloyola.com\/sanestanislao\/puertas-abiertas-virtual\/","title":{"rendered":"JORNADA DE PUERTAS ABIERTAS VIRTUAL"},"content":{"rendered":"\n<h3 class=\"wp-block-heading\"><strong>Debido a la situaci\u00f3n actual, en la que no pudimos celebrar nuestra tradicional jornada de puertas abiertas presencial, os invitamos a que ve\u00e1is los siguientes v\u00eddeos para conocer nuestro colegio y modelo de educaci\u00f3n<\/strong> <\/h3>\n\n\n\n<p><\/p>\n\n\n\n<p><\/p>\n\n\n\n<figure class=\"wp-block-embed is-type-video is-provider-youtube wp-block-embed-youtube wp-embed-aspect-16-9 wp-has-aspect-ratio\"><div class=\"wp-block-embed__wrapper\">\n<iframe loading=\"lazy\" title=\"JORNADA DE PUERTAS ABIERTAS DE BACHILLERATO 2022\" width=\"1150\" height=\"647\" src=\"https:\/\/www.youtube.com\/embed\/videoseries?list=PLNABrhYCmWJehCyzyGpSs6d8nvxgRxeS1\" frameborder=\"0\" allow=\"accelerometer; autoplay; clipboard-write; encrypted-media; gyroscope; picture-in-picture\" allowfullscreen><\/iframe>\n<\/div><\/figure>\n\n\n\n<figure class=\"wp-block-embed is-type-video is-provider-youtube wp-block-embed-youtube wp-embed-aspect-16-9 wp-has-aspect-ratio\"><div class=\"wp-block-embed__wrapper\">\n<iframe loading=\"lazy\" title=\"Jornada Puertas Abiertas 2022 - DIRECCI\u00d3N ACAD\u00c9MICA\" width=\"1150\" height=\"647\" src=\"https:\/\/www.youtube.com\/embed\/wvHkn5NvhZ0?list=PLNABrhYCmWJehCyzyGpSs6d8nvxgRxeS1\" frameborder=\"0\" allow=\"accelerometer; autoplay; clipboard-write; encrypted-media; gyroscope; picture-in-picture\" allowfullscreen><\/iframe>\n<\/div><\/figure>\n\n\n\n<figure class=\"wp-block-embed is-type-video is-provider-youtube wp-block-embed-youtube wp-embed-aspect-16-9 wp-has-aspect-ratio\"><div class=\"wp-block-embed__wrapper\">\n<iframe loading=\"lazy\" title=\"Jornada Puertas Abiertas 2022 - ALUMNADO\" width=\"1150\" height=\"647\" src=\"https:\/\/www.youtube.com\/embed\/ksJ8y7jM8xg?list=PLNABrhYCmWJehCyzyGpSs6d8nvxgRxeS1\" frameborder=\"0\" allow=\"accelerometer; autoplay; clipboard-write; encrypted-media; gyroscope; picture-in-picture\" allowfullscreen><\/iframe>\n<\/div><\/figure>\n\n\n\n<figure class=\"wp-block-embed is-type-video is-provider-youtube wp-block-embed-youtube wp-embed-aspect-16-9 wp-has-aspect-ratio\"><div class=\"wp-block-embed__wrapper\">\n<iframe loading=\"lazy\" title=\"Jornada Puertas Abiertas 2022 - ORIENTACI\u00d3N\" width=\"1150\" height=\"647\" src=\"https:\/\/www.youtube.com\/embed\/t-kIh6ES9Hw?list=PLNABrhYCmWJehCyzyGpSs6d8nvxgRxeS1\" frameborder=\"0\" allow=\"accelerometer; autoplay; clipboard-write; encrypted-media; gyroscope; picture-in-picture\" allowfullscreen><\/iframe>\n<\/div><\/figure>\n\n\n\n<figure class=\"wp-block-embed is-type-video is-provider-youtube wp-block-embed-youtube wp-embed-aspect-16-9 wp-has-aspect-ratio\"><div class=\"wp-block-embed__wrapper\">\n<iframe loading=\"lazy\" title=\"Jornada Puertas Abiertas 2022 - PASTORAL \u2728\" width=\"1150\" height=\"647\" src=\"https:\/\/www.youtube.com\/embed\/zpgnPkLecq0?list=PLNABrhYCmWJehCyzyGpSs6d8nvxgRxeS1\" frameborder=\"0\" allow=\"accelerometer; autoplay; clipboard-write; encrypted-media; gyroscope; picture-in-picture\" allowfullscreen><\/iframe>\n<\/div><\/figure>\n\n\n\n<figure class=\"wp-block-embed is-type-video is-provider-youtube wp-block-embed-youtube wp-embed-aspect-16-9 wp-has-aspect-ratio\"><div class=\"wp-block-embed__wrapper\">\n<iframe loading=\"lazy\" title=\"Jornada Puertas Abiertas 2022 - ACTIVIDADES PARAESCOLARES y EXTRAESCOLARES.\" width=\"1150\" height=\"647\" src=\"https:\/\/www.youtube.com\/embed\/XGG3HOdhGu4?list=PLNABrhYCmWJehCyzyGpSs6d8nvxgRxeS1\" frameborder=\"0\" allow=\"accelerometer; autoplay; clipboard-write; encrypted-media; gyroscope; picture-in-picture\" allowfullscreen><\/iframe>\n<\/div><\/figure>\n\n\n\n<figure class=\"wp-block-embed is-type-video is-provider-youtube wp-block-embed-youtube wp-embed-aspect-16-9 wp-has-aspect-ratio\"><div class=\"wp-block-embed__wrapper\">\nhttps:\/\/www.youtube.com\/watch?v=RUGXhQnNrv4&#038;list=PLNABrhYCmWJehCyzyGpSs6d8nvxgRxeS1&#038;index=7\n<\/div><\/figure>\n","protected":false},"excerpt":{"rendered":"<p>Debido a la situaci\u00f3n actual, en la que no pudimos celebrar nuestra tradicional jornada de puertas abiertas presencial, os invitamos a que ve\u00e1is los siguientes v\u00eddeos para conocer nuestro colegio y modelo de educaci\u00f3n<\/p>\n","protected":false},"author":2,"featured_media":0,"parent":0,"menu_order":0,"comment_status":"closed","ping_status":"closed","template":"","meta":{"footnotes":""},"class_list":["post-5011","page","type-page","status-publish","hentry"],"yoast_head":"<!-- This site is optimized with the Yoast SEO plugin v23.9 - https:\/\/yoast.com\/wordpress\/plugins\/seo\/ -->\n<title>JORNADA DE PUERTAS ABIERTAS VIRTUAL - Fundaci\u00f3n Loyola<\/title>\n<meta name=\"robots\" content=\"index, follow, max-snippet:-1, max-image-preview:large, max-video-preview:-1\" \/>\n<link rel=\"canonical\" href=\"https:\/\/fundacionloyola.com\/sanestanislao\/puertas-abiertas-virtual\/\" \/>\n<meta property=\"og:locale\" content=\"es_ES\" \/>\n<meta property=\"og:type\" content=\"article\" \/>\n<meta property=\"og:title\" content=\"JORNADA DE PUERTAS ABIERTAS VIRTUAL - Fundaci\u00f3n Loyola\" \/>\n<meta property=\"og:description\" content=\"Debido a la situaci\u00f3n actual, en la que no pudimos celebrar nuestra tradicional jornada de puertas abiertas presencial, os invitamos a que ve\u00e1is los siguientes v\u00eddeos para conocer nuestro colegio y modelo de educaci\u00f3n\" \/>\n<meta property=\"og:url\" content=\"https:\/\/fundacionloyola.com\/sanestanislao\/puertas-abiertas-virtual\/\" \/>\n<meta property=\"og:site_name\" content=\"Fundaci\u00f3n Loyola\" \/>\n<meta property=\"article:modified_time\" content=\"2022-01-26T08:38:31+00:00\" \/>\n<meta name=\"twitter:card\" content=\"summary_large_image\" \/>\n<meta name=\"twitter:label1\" content=\"Tiempo de lectura\" \/>\n\t<meta name=\"twitter:data1\" content=\"1 minuto\" \/>\n<script type=\"application\/ld+json\" class=\"yoast-schema-graph\">{\"@context\":\"https:\/\/schema.org\",\"@graph\":[{\"@type\":\"WebPage\",\"@id\":\"https:\/\/fundacionloyola.com\/sanestanislao\/puertas-abiertas-virtual\/\",\"url\":\"https:\/\/fundacionloyola.com\/sanestanislao\/puertas-abiertas-virtual\/\",\"name\":\"JORNADA DE PUERTAS ABIERTAS VIRTUAL - Fundaci\u00f3n Loyola\",\"isPartOf\":{\"@id\":\"https:\/\/fundacionloyola.com\/sanestanislao\/#website\"},\"datePublished\":\"2021-01-21T07:13:28+00:00\",\"dateModified\":\"2022-01-26T08:38:31+00:00\",\"breadcrumb\":{\"@id\":\"https:\/\/fundacionloyola.com\/sanestanislao\/puertas-abiertas-virtual\/#breadcrumb\"},\"inLanguage\":\"es\",\"potentialAction\":[{\"@type\":\"ReadAction\",\"target\":[\"https:\/\/fundacionloyola.com\/sanestanislao\/puertas-abiertas-virtual\/\"]}]},{\"@type\":\"BreadcrumbList\",\"@id\":\"https:\/\/fundacionloyola.com\/sanestanislao\/puertas-abiertas-virtual\/#breadcrumb\",\"itemListElement\":[{\"@type\":\"ListItem\",\"position\":1,\"name\":\"Portada\",\"item\":\"https:\/\/fundacionloyola.com\/sanestanislao\/\"},{\"@type\":\"ListItem\",\"position\":2,\"name\":\"JORNADA DE PUERTAS ABIERTAS VIRTUAL\"}]},{\"@type\":\"WebSite\",\"@id\":\"https:\/\/fundacionloyola.com\/sanestanislao\/#website\",\"url\":\"https:\/\/fundacionloyola.com\/sanestanislao\/\",\"name\":\"Fundaci\u00f3n Loyola\",\"description\":\"Colegio San Estanislao de Kotska\",\"potentialAction\":[{\"@type\":\"SearchAction\",\"target\":{\"@type\":\"EntryPoint\",\"urlTemplate\":\"https:\/\/fundacionloyola.com\/sanestanislao\/?s={search_term_string}\"},\"query-input\":{\"@type\":\"PropertyValueSpecification\",\"valueRequired\":true,\"valueName\":\"search_term_string\"}}],\"inLanguage\":\"es\"}]}<\/script>\n<!-- \/ Yoast SEO plugin. -->","yoast_head_json":{"title":"JORNADA DE PUERTAS ABIERTAS VIRTUAL - Fundaci\u00f3n Loyola","robots":{"index":"index","follow":"follow","max-snippet":"max-snippet:-1","max-image-preview":"max-image-preview:large","max-video-preview":"max-video-preview:-1"},"canonical":"https:\/\/fundacionloyola.com\/sanestanislao\/puertas-abiertas-virtual\/","og_locale":"es_ES","og_type":"article","og_title":"JORNADA DE PUERTAS ABIERTAS VIRTUAL - Fundaci\u00f3n Loyola","og_description":"Debido a la situaci\u00f3n actual, en la que no pudimos celebrar nuestra tradicional jornada de puertas abiertas presencial, os invitamos a que ve\u00e1is los siguientes v\u00eddeos para conocer nuestro colegio y modelo de educaci\u00f3n","og_url":"https:\/\/fundacionloyola.com\/sanestanislao\/puertas-abiertas-virtual\/","og_site_name":"Fundaci\u00f3n Loyola","article_modified_time":"2022-01-26T08:38:31+00:00","twitter_card":"summary_large_image","twitter_misc":{"Tiempo de lectura":"1 minuto"},"schema":{"@context":"https:\/\/schema.org","@graph":[{"@type":"WebPage","@id":"https:\/\/fundacionloyola.com\/sanestanislao\/puertas-abiertas-virtual\/","url":"https:\/\/fundacionloyola.com\/sanestanislao\/puertas-abiertas-virtual\/","name":"JORNADA DE PUERTAS ABIERTAS VIRTUAL - Fundaci\u00f3n Loyola","isPartOf":{"@id":"https:\/\/fundacionloyola.com\/sanestanislao\/#website"},"datePublished":"2021-01-21T07:13:28+00:00","dateModified":"2022-01-26T08:38:31+00:00","breadcrumb":{"@id":"https:\/\/fundacionloyola.com\/sanestanislao\/puertas-abiertas-virtual\/#breadcrumb"},"inLanguage":"es","potentialAction":[{"@type":"ReadAction","target":["https:\/\/fundacionloyola.com\/sanestanislao\/puertas-abiertas-virtual\/"]}]},{"@type":"BreadcrumbList","@id":"https:\/\/fundacionloyola.com\/sanestanislao\/puertas-abiertas-virtual\/#breadcrumb","itemListElement":[{"@type":"ListItem","position":1,"name":"Portada","item":"https:\/\/fundacionloyola.com\/sanestanislao\/"},{"@type":"ListItem","position":2,"name":"JORNADA DE PUERTAS ABIERTAS VIRTUAL"}]},{"@type":"WebSite","@id":"https:\/\/fundacionloyola.com\/sanestanislao\/#website","url":"https:\/\/fundacionloyola.com\/sanestanislao\/","name":"Fundaci\u00f3n Loyola","description":"Colegio San Estanislao de Kotska","potentialAction":[{"@type":"SearchAction","target":{"@type":"EntryPoint","urlTemplate":"https:\/\/fundacionloyola.com\/sanestanislao\/?s={search_term_string}"},"query-input":{"@type":"PropertyValueSpecification","valueRequired":true,"valueName":"search_term_string"}}],"inLanguage":"es"}]}},"_links":{"self":[{"href":"https:\/\/fundacionloyola.com\/sanestanislao\/wp-json\/wp\/v2\/pages\/5011","targetHints":{"allow":["GET"]}}],"collection":[{"href":"https:\/\/fundacionloyola.com\/sanestanislao\/wp-json\/wp\/v2\/pages"}],"about":[{"href":"https:\/\/fundacionloyola.com\/sanestanislao\/wp-json\/wp\/v2\/types\/page"}],"author":[{"embeddable":true,"href":"https:\/\/fundacionloyola.com\/sanestanislao\/wp-json\/wp\/v2\/users\/2"}],"replies":[{"embeddable":true,"href":"https:\/\/fundacionloyola.com\/sanestanislao\/wp-json\/wp\/v2\/comments?post=5011"}],"version-history":[{"count":4,"href":"https:\/\/fundacionloyola.com\/sanestanislao\/wp-json\/wp\/v2\/pages\/5011\/revisions"}],"predecessor-version":[{"id":5233,"href":"https:\/\/fundacionloyola.com\/sanestanislao\/wp-json\/wp\/v2\/pages\/5011\/revisions\/5233"}],"wp:attachment":[{"href":"https:\/\/fundacionloyola.com\/sanestanislao\/wp-json\/wp\/v2\/media?parent=5011"}],"curies":[{"name":"wp","href":"https:\/\/api.w.org\/{rel}","templated":true}]}}