{"id":3824,"date":"2019-10-13T15:28:21","date_gmt":"2019-10-13T15:28:21","guid":{"rendered":"http:\/\/fundacionloyola.com\/WPportaceli\/?page_id=3824"},"modified":"2025-09-03T10:43:54","modified_gmt":"2025-09-03T10:43:54","slug":"actividades-didacticas","status":"publish","type":"page","link":"https:\/\/fundacionloyola.com\/portaceli\/actividades-didacticas\/","title":{"rendered":"Documentaci\u00f3n Acad\u00e9mica"},"content":{"rendered":"","protected":false},"excerpt":{"rendered":"","protected":false},"author":1,"featured_media":0,"parent":0,"menu_order":0,"comment_status":"closed","ping_status":"closed","template":"","meta":{"footnotes":""},"class_list":["post-3824","page","type-page","status-publish","hentry"],"yoast_head":"<!-- This site is optimized with the Yoast SEO plugin v26.8 - https:\/\/yoast.com\/product\/yoast-seo-wordpress\/ -->\n<title>Documentaci\u00f3n Acad\u00e9mica - Fundaci\u00f3n Loyola<\/title>\n<meta name=\"robots\" content=\"index, follow, max-snippet:-1, max-image-preview:large, max-video-preview:-1\" \/>\n<link rel=\"canonical\" href=\"https:\/\/fundacionloyola.com\/portaceli\/actividades-didacticas\/\" \/>\n<meta property=\"og:locale\" content=\"es_ES\" \/>\n<meta property=\"og:type\" content=\"article\" \/>\n<meta property=\"og:title\" content=\"Documentaci\u00f3n Acad\u00e9mica - Fundaci\u00f3n Loyola\" \/>\n<meta property=\"og:url\" content=\"https:\/\/fundacionloyola.com\/portaceli\/actividades-didacticas\/\" \/>\n<meta property=\"og:site_name\" content=\"Fundaci\u00f3n Loyola\" \/>\n<meta property=\"article:modified_time\" content=\"2025-09-03T10:43:54+00:00\" \/>\n<meta name=\"twitter:card\" content=\"summary_large_image\" \/>\n<meta name=\"twitter:label1\" content=\"Tiempo de lectura\" \/>\n\t<meta name=\"twitter:data1\" content=\"1 minuto\" \/>\n<script type=\"application\/ld+json\" class=\"yoast-schema-graph\">{\"@context\":\"https:\/\/schema.org\",\"@graph\":[{\"@type\":\"WebPage\",\"@id\":\"https:\/\/fundacionloyola.com\/portaceli\/actividades-didacticas\/\",\"url\":\"https:\/\/fundacionloyola.com\/portaceli\/actividades-didacticas\/\",\"name\":\"Documentaci\u00f3n Acad\u00e9mica - Fundaci\u00f3n Loyola\",\"isPartOf\":{\"@id\":\"https:\/\/fundacionloyola.com\/portaceli\/#website\"},\"datePublished\":\"2019-10-13T15:28:21+00:00\",\"dateModified\":\"2025-09-03T10:43:54+00:00\",\"breadcrumb\":{\"@id\":\"https:\/\/fundacionloyola.com\/portaceli\/actividades-didacticas\/#breadcrumb\"},\"inLanguage\":\"es\",\"potentialAction\":[{\"@type\":\"ReadAction\",\"target\":[\"https:\/\/fundacionloyola.com\/portaceli\/actividades-didacticas\/\"]}]},{\"@type\":\"BreadcrumbList\",\"@id\":\"https:\/\/fundacionloyola.com\/portaceli\/actividades-didacticas\/#breadcrumb\",\"itemListElement\":[{\"@type\":\"ListItem\",\"position\":1,\"name\":\"Portada\",\"item\":\"https:\/\/fundacionloyola.com\/portaceli\/\"},{\"@type\":\"ListItem\",\"position\":2,\"name\":\"Documentaci\u00f3n Acad\u00e9mica\"}]},{\"@type\":\"WebSite\",\"@id\":\"https:\/\/fundacionloyola.com\/portaceli\/#website\",\"url\":\"https:\/\/fundacionloyola.com\/portaceli\/\",\"name\":\"Fundaci\u00f3n Loyola\",\"description\":\"Colegio Portaceli Sevilla\",\"potentialAction\":[{\"@type\":\"SearchAction\",\"target\":{\"@type\":\"EntryPoint\",\"urlTemplate\":\"https:\/\/fundacionloyola.com\/portaceli\/?s={search_term_string}\"},\"query-input\":{\"@type\":\"PropertyValueSpecification\",\"valueRequired\":true,\"valueName\":\"search_term_string\"}}],\"inLanguage\":\"es\"}]}<\/script>\n<!-- \/ Yoast SEO plugin. -->","yoast_head_json":{"title":"Documentaci\u00f3n Acad\u00e9mica - Fundaci\u00f3n Loyola","robots":{"index":"index","follow":"follow","max-snippet":"max-snippet:-1","max-image-preview":"max-image-preview:large","max-video-preview":"max-video-preview:-1"},"canonical":"https:\/\/fundacionloyola.com\/portaceli\/actividades-didacticas\/","og_locale":"es_ES","og_type":"article","og_title":"Documentaci\u00f3n Acad\u00e9mica - Fundaci\u00f3n Loyola","og_url":"https:\/\/fundacionloyola.com\/portaceli\/actividades-didacticas\/","og_site_name":"Fundaci\u00f3n Loyola","article_modified_time":"2025-09-03T10:43:54+00:00","twitter_card":"summary_large_image","twitter_misc":{"Tiempo de lectura":"1 minuto"},"schema":{"@context":"https:\/\/schema.org","@graph":[{"@type":"WebPage","@id":"https:\/\/fundacionloyola.com\/portaceli\/actividades-didacticas\/","url":"https:\/\/fundacionloyola.com\/portaceli\/actividades-didacticas\/","name":"Documentaci\u00f3n Acad\u00e9mica - Fundaci\u00f3n Loyola","isPartOf":{"@id":"https:\/\/fundacionloyola.com\/portaceli\/#website"},"datePublished":"2019-10-13T15:28:21+00:00","dateModified":"2025-09-03T10:43:54+00:00","breadcrumb":{"@id":"https:\/\/fundacionloyola.com\/portaceli\/actividades-didacticas\/#breadcrumb"},"inLanguage":"es","potentialAction":[{"@type":"ReadAction","target":["https:\/\/fundacionloyola.com\/portaceli\/actividades-didacticas\/"]}]},{"@type":"BreadcrumbList","@id":"https:\/\/fundacionloyola.com\/portaceli\/actividades-didacticas\/#breadcrumb","itemListElement":[{"@type":"ListItem","position":1,"name":"Portada","item":"https:\/\/fundacionloyola.com\/portaceli\/"},{"@type":"ListItem","position":2,"name":"Documentaci\u00f3n Acad\u00e9mica"}]},{"@type":"WebSite","@id":"https:\/\/fundacionloyola.com\/portaceli\/#website","url":"https:\/\/fundacionloyola.com\/portaceli\/","name":"Fundaci\u00f3n Loyola","description":"Colegio Portaceli Sevilla","potentialAction":[{"@type":"SearchAction","target":{"@type":"EntryPoint","urlTemplate":"https:\/\/fundacionloyola.com\/portaceli\/?s={search_term_string}"},"query-input":{"@type":"PropertyValueSpecification","valueRequired":true,"valueName":"search_term_string"}}],"inLanguage":"es"}]}},"_links":{"self":[{"href":"https:\/\/fundacionloyola.com\/portaceli\/wp-json\/wp\/v2\/pages\/3824","targetHints":{"allow":["GET"]}}],"collection":[{"href":"https:\/\/fundacionloyola.com\/portaceli\/wp-json\/wp\/v2\/pages"}],"about":[{"href":"https:\/\/fundacionloyola.com\/portaceli\/wp-json\/wp\/v2\/types\/page"}],"author":[{"embeddable":true,"href":"https:\/\/fundacionloyola.com\/portaceli\/wp-json\/wp\/v2\/users\/1"}],"replies":[{"embeddable":true,"href":"https:\/\/fundacionloyola.com\/portaceli\/wp-json\/wp\/v2\/comments?post=3824"}],"version-history":[{"count":5,"href":"https:\/\/fundacionloyola.com\/portaceli\/wp-json\/wp\/v2\/pages\/3824\/revisions"}],"predecessor-version":[{"id":6030,"href":"https:\/\/fundacionloyola.com\/portaceli\/wp-json\/wp\/v2\/pages\/3824\/revisions\/6030"}],"wp:attachment":[{"href":"https:\/\/fundacionloyola.com\/portaceli\/wp-json\/wp\/v2\/media?parent=3824"}],"curies":[{"name":"wp","href":"https:\/\/api.w.org\/{rel}","templated":true}]}}