{"id":3100,"date":"2019-04-09T11:59:09","date_gmt":"2019-04-09T11:59:09","guid":{"rendered":"http:\/\/fundacionloyola.com\/wpmokup\/?page_id=3100"},"modified":"2026-02-26T07:41:11","modified_gmt":"2026-02-26T07:41:11","slug":"inicio-colegio-portaceli","status":"publish","type":"page","link":"https:\/\/fundacionloyola.com\/portaceli\/","title":{"rendered":"Inicio Colegio Portaceli"},"content":{"rendered":"","protected":false},"excerpt":{"rendered":"","protected":false},"author":1,"featured_media":0,"parent":0,"menu_order":0,"comment_status":"closed","ping_status":"closed","template":"","meta":{"footnotes":""},"class_list":["post-3100","page","type-page","status-publish","hentry"],"yoast_head":"<!-- This site is optimized with the Yoast SEO plugin v26.8 - https:\/\/yoast.com\/product\/yoast-seo-wordpress\/ -->\n<title>Inicio Colegio Portaceli - Educaci\u00f3n Andaluc\u00eda, Canarias y Extremadura<\/title>\n<meta name=\"description\" content=\"La Fundaci\u00f3n Loyola es una obra apost\u00f3lica de la Compa\u00f1\u00eda de Jes\u00fas dedicada a la educaci\u00f3n en el \u00e1mbito de Andaluc\u00eda, Canarias y Extremadura.\" \/>\n<meta name=\"robots\" content=\"index, follow, max-snippet:-1, max-image-preview:large, max-video-preview:-1\" \/>\n<link rel=\"canonical\" href=\"https:\/\/fundacionloyola.com\/portaceli\/\" \/>\n<meta property=\"og:locale\" content=\"es_ES\" \/>\n<meta property=\"og:type\" content=\"article\" \/>\n<meta property=\"og:title\" content=\"Inicio Colegio Portaceli - Educaci\u00f3n Andaluc\u00eda, Canarias y Extremadura\" \/>\n<meta property=\"og:description\" content=\"La Fundaci\u00f3n Loyola es una obra apost\u00f3lica de la Compa\u00f1\u00eda de Jes\u00fas dedicada a la educaci\u00f3n en el \u00e1mbito de Andaluc\u00eda, Canarias y Extremadura.\" \/>\n<meta property=\"og:url\" content=\"https:\/\/fundacionloyola.com\/portaceli\/\" \/>\n<meta property=\"og:site_name\" content=\"Fundaci\u00f3n Loyola\" \/>\n<meta property=\"article:modified_time\" content=\"2026-02-26T07:41:11+00:00\" \/>\n<meta name=\"twitter:card\" content=\"summary_large_image\" \/>\n<meta name=\"twitter:label1\" content=\"Tiempo de lectura\" \/>\n\t<meta name=\"twitter:data1\" content=\"5 minutos\" \/>\n<script type=\"application\/ld+json\" class=\"yoast-schema-graph\">{\"@context\":\"https:\/\/schema.org\",\"@graph\":[{\"@type\":\"WebPage\",\"@id\":\"https:\/\/fundacionloyola.com\/portaceli\/\",\"url\":\"https:\/\/fundacionloyola.com\/portaceli\/\",\"name\":\"Inicio Colegio Portaceli - Educaci\u00f3n Andaluc\u00eda, Canarias y Extremadura\",\"isPartOf\":{\"@id\":\"https:\/\/fundacionloyola.com\/portaceli\/#website\"},\"datePublished\":\"2019-04-09T11:59:09+00:00\",\"dateModified\":\"2026-02-26T07:41:11+00:00\",\"description\":\"La Fundaci\u00f3n Loyola es una obra apost\u00f3lica de la Compa\u00f1\u00eda de Jes\u00fas dedicada a la educaci\u00f3n en el \u00e1mbito de Andaluc\u00eda, Canarias y Extremadura.\",\"breadcrumb\":{\"@id\":\"https:\/\/fundacionloyola.com\/portaceli\/#breadcrumb\"},\"inLanguage\":\"es\",\"potentialAction\":[{\"@type\":\"ReadAction\",\"target\":[\"https:\/\/fundacionloyola.com\/portaceli\/\"]}]},{\"@type\":\"BreadcrumbList\",\"@id\":\"https:\/\/fundacionloyola.com\/portaceli\/#breadcrumb\",\"itemListElement\":[{\"@type\":\"ListItem\",\"position\":1,\"name\":\"Portada\",\"item\":\"https:\/\/fundacionloyola.com\/portaceli\/\"},{\"@type\":\"ListItem\",\"position\":2,\"name\":\"Inicio Colegio Portaceli\"}]},{\"@type\":\"WebSite\",\"@id\":\"https:\/\/fundacionloyola.com\/portaceli\/#website\",\"url\":\"https:\/\/fundacionloyola.com\/portaceli\/\",\"name\":\"Fundaci\u00f3n Loyola\",\"description\":\"Colegio Portaceli Sevilla\",\"potentialAction\":[{\"@type\":\"SearchAction\",\"target\":{\"@type\":\"EntryPoint\",\"urlTemplate\":\"https:\/\/fundacionloyola.com\/portaceli\/?s={search_term_string}\"},\"query-input\":{\"@type\":\"PropertyValueSpecification\",\"valueRequired\":true,\"valueName\":\"search_term_string\"}}],\"inLanguage\":\"es\"}]}<\/script>\n<!-- \/ Yoast SEO plugin. -->","yoast_head_json":{"title":"Inicio Colegio Portaceli - Educaci\u00f3n Andaluc\u00eda, Canarias y Extremadura","description":"La Fundaci\u00f3n Loyola es una obra apost\u00f3lica de la Compa\u00f1\u00eda de Jes\u00fas dedicada a la educaci\u00f3n en el \u00e1mbito de Andaluc\u00eda, Canarias y Extremadura.","robots":{"index":"index","follow":"follow","max-snippet":"max-snippet:-1","max-image-preview":"max-image-preview:large","max-video-preview":"max-video-preview:-1"},"canonical":"https:\/\/fundacionloyola.com\/portaceli\/","og_locale":"es_ES","og_type":"article","og_title":"Inicio Colegio Portaceli - Educaci\u00f3n Andaluc\u00eda, Canarias y Extremadura","og_description":"La Fundaci\u00f3n Loyola es una obra apost\u00f3lica de la Compa\u00f1\u00eda de Jes\u00fas dedicada a la educaci\u00f3n en el \u00e1mbito de Andaluc\u00eda, Canarias y Extremadura.","og_url":"https:\/\/fundacionloyola.com\/portaceli\/","og_site_name":"Fundaci\u00f3n Loyola","article_modified_time":"2026-02-26T07:41:11+00:00","twitter_card":"summary_large_image","twitter_misc":{"Tiempo de lectura":"5 minutos"},"schema":{"@context":"https:\/\/schema.org","@graph":[{"@type":"WebPage","@id":"https:\/\/fundacionloyola.com\/portaceli\/","url":"https:\/\/fundacionloyola.com\/portaceli\/","name":"Inicio Colegio Portaceli - Educaci\u00f3n Andaluc\u00eda, Canarias y Extremadura","isPartOf":{"@id":"https:\/\/fundacionloyola.com\/portaceli\/#website"},"datePublished":"2019-04-09T11:59:09+00:00","dateModified":"2026-02-26T07:41:11+00:00","description":"La Fundaci\u00f3n Loyola es una obra apost\u00f3lica de la Compa\u00f1\u00eda de Jes\u00fas dedicada a la educaci\u00f3n en el \u00e1mbito de Andaluc\u00eda, Canarias y Extremadura.","breadcrumb":{"@id":"https:\/\/fundacionloyola.com\/portaceli\/#breadcrumb"},"inLanguage":"es","potentialAction":[{"@type":"ReadAction","target":["https:\/\/fundacionloyola.com\/portaceli\/"]}]},{"@type":"BreadcrumbList","@id":"https:\/\/fundacionloyola.com\/portaceli\/#breadcrumb","itemListElement":[{"@type":"ListItem","position":1,"name":"Portada","item":"https:\/\/fundacionloyola.com\/portaceli\/"},{"@type":"ListItem","position":2,"name":"Inicio Colegio Portaceli"}]},{"@type":"WebSite","@id":"https:\/\/fundacionloyola.com\/portaceli\/#website","url":"https:\/\/fundacionloyola.com\/portaceli\/","name":"Fundaci\u00f3n Loyola","description":"Colegio Portaceli Sevilla","potentialAction":[{"@type":"SearchAction","target":{"@type":"EntryPoint","urlTemplate":"https:\/\/fundacionloyola.com\/portaceli\/?s={search_term_string}"},"query-input":{"@type":"PropertyValueSpecification","valueRequired":true,"valueName":"search_term_string"}}],"inLanguage":"es"}]}},"_links":{"self":[{"href":"https:\/\/fundacionloyola.com\/portaceli\/wp-json\/wp\/v2\/pages\/3100","targetHints":{"allow":["GET"]}}],"collection":[{"href":"https:\/\/fundacionloyola.com\/portaceli\/wp-json\/wp\/v2\/pages"}],"about":[{"href":"https:\/\/fundacionloyola.com\/portaceli\/wp-json\/wp\/v2\/types\/page"}],"author":[{"embeddable":true,"href":"https:\/\/fundacionloyola.com\/portaceli\/wp-json\/wp\/v2\/users\/1"}],"replies":[{"embeddable":true,"href":"https:\/\/fundacionloyola.com\/portaceli\/wp-json\/wp\/v2\/comments?post=3100"}],"version-history":[{"count":5,"href":"https:\/\/fundacionloyola.com\/portaceli\/wp-json\/wp\/v2\/pages\/3100\/revisions"}],"predecessor-version":[{"id":6116,"href":"https:\/\/fundacionloyola.com\/portaceli\/wp-json\/wp\/v2\/pages\/3100\/revisions\/6116"}],"wp:attachment":[{"href":"https:\/\/fundacionloyola.com\/portaceli\/wp-json\/wp\/v2\/media?parent=3100"}],"curies":[{"name":"wp","href":"https:\/\/api.w.org\/{rel}","templated":true}]}}